{"id":10006,"date":"2021-02-23T06:49:57","date_gmt":"2021-02-23T05:49:57","guid":{"rendered":"https:\/\/unit-t.eu\/contact\/investeerders\/"},"modified":"2025-05-08T10:52:54","modified_gmt":"2025-05-08T08:52:54","slug":"investeerders","status":"publish","type":"page","link":"https:\/\/unit-t.eu\/fr\/contact\/investeerders\/","title":{"rendered":"Investisseurs"},"content":{"rendered":"<div class=\"fusion-fullwidth fullwidth-box fusion-builder-row-1 hundred-percent-fullwidth non-hundred-percent-height-scrolling fusion-equal-height-columns\" style=\"background-color: rgba(255,255,255,0);background-position: center center;background-repeat: no-repeat;padding-top:3%;padding-right:6%;padding-bottom:0px;padding-left:6%;margin-bottom: 0px;margin-top: 0px;border-width: 0px 0px 0px 0px;border-color:#edeef2;border-style:solid;\" ><div class=\"fusion-builder-row fusion-row\"><div class=\"fusion-layout-column fusion_builder_column fusion-builder-column-0 fusion_builder_column_1_1 1_1 fusion-one-full fusion-column-first fusion-column-last fusion-column-no-min-height\" style=\"margin-top:0px;margin-bottom:0px;\"><div class=\"fusion-column-wrapper fusion-flex-column-wrapper-legacy\" style=\"background-position:left top;background-repeat:no-repeat;-webkit-background-size:cover;-moz-background-size:cover;-o-background-size:cover;background-size:cover;padding: 0px 0px 0px 0px;\"><style type=\"text\/css\"><\/style><div class=\"fusion-title title fusion-title-1 fusion-title-text fusion-title-size-two\" style=\"margin-top:0px;margin-right:0px;margin-bottom:15px;margin-left:0px;\"><h2 class=\"title-heading-left fusion-responsive-typography-calculated\" style=\"margin:0;color:#fb9318;--fontSize:28;line-height:1.2;\">Disposer d\u2019informations transparentes et coh\u00e9rentes est crucial<\/h2><span class=\"awb-title-spacer\"><\/span><div class=\"title-sep-container\"><div class=\"title-sep sep-\" style=\"border-color:#edeef2;\"><\/div><\/div><\/div><div class=\"fusion-text fusion-text-1\"><p>Pour toute information concernant les chiffres, nous vous renvoyons \u00e0 la page g\u00e9n\u00e9rale de Solutions30, o\u00f9 vous trouverez toujours les derniers chiffres transparents et corrects.<\/p>\n<p class=\"\" data-start=\"263\" data-end=\"329\">Vous pouvez acc\u00e9der directement aux pages sp\u00e9cifiques ci-dessous :<\/p>\n<ul data-start=\"331\" data-end=\"712\">\n<li class=\"\" data-start=\"331\" data-end=\"466\">\n<p class=\"\" data-start=\"333\" data-end=\"466\"><a href=\"https:\/\/solutions30.com\/financial-reports-and-documents\/?lang=fr\"><strong data-start=\"333\" data-end=\"369\">Rapports et documents financiers<\/strong><\/a>, incluant les rapports annuels, les r\u00e9sultats trimestriels et autres publications financi\u00e8res.<\/p>\n<\/li>\n<li class=\"\" data-start=\"467\" data-end=\"554\">\n<p class=\"\" data-start=\"469\" data-end=\"554\"><a href=\"https:\/\/solutions30.com\/the-shares\/?lang=fr\"><strong data-start=\"469\" data-end=\"496\">Informations boursi\u00e8res<\/strong><\/a>, avec les donn\u00e9es actualis\u00e9es sur l\u2019action Solutions30.<\/p>\n<\/li>\n<li class=\"\" data-start=\"555\" data-end=\"612\">\n<p class=\"\" data-start=\"557\" data-end=\"612\">Informations concernant <strong data-start=\"557\" data-end=\"610\"><a href=\"https:\/\/solutions30.com\/assemblees-generales\/?lang=fr\">les Assembl\u00e9es G\u00e9n\u00e9rales<\/a>.<\/strong><\/p>\n<\/li>\n<li class=\"\" data-start=\"613\" data-end=\"712\">\n<p class=\"\" data-start=\"615\" data-end=\"712\"><a href=\"https:\/\/solutions30.com\/regulated-information\/?lang=fr\"><strong data-start=\"615\" data-end=\"644\">Informations r\u00e9glement\u00e9es<\/strong><\/a>, comprenant les annonces officielles et les communications l\u00e9gales.<\/p>\n<\/li>\n<\/ul>\n<\/div><div class=\"fusion-sep-clear\"><\/div><div class=\"fusion-separator fusion-full-width-sep\" style=\"margin-left: auto;margin-right: auto;margin-top:50px;margin-bottom:50px;width:100%;\"><\/div><div class=\"fusion-sep-clear\"><\/div><style id=\"wp_carousel_dynamic_css10753\">.sp-wp-carousel-free-id-10753.wpcf-fancybox-wrapper .fancybox-bg{background: #0b0b0b;opacity: 0.8;}.sp-wp-carousel-free-id-10753.wpcf-fancybox-wrapper .fancybox-navigation .fancybox-button .wpcp-fancybox-nav-arrow i {color: #ccc;}.sp-wp-carousel-free-id-10753.wpcf-fancybox-wrapper .fancybox-navigation .fancybox-button .wpcp-fancybox-nav-arrow i:hover {color: #fff;}.sp-wp-carousel-free-id-10753.wpcf-fancybox-wrapper .fancybox-navigation .fancybox-button {background: #1e1e1e;}.sp-wp-carousel-free-id-10753.wpcf-fancybox-wrapper .fancybox-navigation .fancybox-button:hover {background: #1e1e1e;}#sp-wp-carousel-free-id-10753 .wpcp-swiper-dots {margin: 40px 0px 0px 0px;}.wpcp-wrapper-10753 .swiper-wrapper .swiper-slide-kenburn, .wpcp-wrapper-10753 .swiper-wrapper, .wpcp-wrapper-10753 .wpcpro-row{align-items: center;}#sp-wp-carousel-free-id-10753 .wpcp-single-item {box-shadow: 0px 0px 0px 0px #dddddd;transition: all .3s;margin: 0px;}#sp-wp-carousel-free-id-10753.swiper-flip .wpcp-single-item{margin: 0!important;}#sp-wp-carousel-free-id-10753 .wpcp-single-item:hover {box-shadow: 0px 0px 0px 0px #dddddd;}#sp-wp-carousel-free-id-10753.sp-wpcp-10753 .wpcp-single-item {border: 0px none #dddddd;}#sp-wp-carousel-free-id-10753.sp-wpcp-10753 .swiper-button-prev,#sp-wp-carousel-free-id-10753.sp-wpcp-10753 .swiper-button-next,#sp-wp-carousel-free-id-10753.sp-wpcp-10753 .swiper-button-prev:hover,#sp-wp-carousel-free-id-10753.sp-wpcp-10753 .swiper-button-next:hover {background: none;border: none;font-size: 30px;}#sp-wp-carousel-free-id-10753.sp-wpcp-10753 .swiper-button-prev i,#sp-wp-carousel-free-id-10753.sp-wpcp-10753 .swiper-button-next i {color: #aaa;}#sp-wp-carousel-free-id-10753.sp-wpcp-10753 .swiper-button-prev i:hover,#sp-wp-carousel-free-id-10753.sp-wpcp-10753 .swiper-button-next i:hover {color: #f7901d;} #sp-wp-carousel-free-id-10753.sp-wpcp-10753.wpcp-image-carousel .wpcp-single-item:hover img, #sp-wp-carousel-free-id-10753.sp-wpcp-10753.wpcp-post-carousel .wpcp-single-item:hover img, #sp-wp-carousel-free-id-10753.sp-wpcp-10753.wpcp-product-carousel .wpcp-single-item:hover img{-webkit-transform: scale(1.2);-moz-transform: scale(1.2);transform: scale(1.2);}@media screen and (max-width: 479px) {#sp-wp-carousel-free-id-10753.nav-vertical-center {padding: 0;margin:0;}#sp-wp-carousel-free-id-10753.nav-vertical-center .wpcp-next-button,#sp-wp-carousel-free-id-10753.nav-vertical-center .wpcp-prev-button {display: none;}}#sp-wp-carousel-free-id-10753 .wpcpro-row>[class*=\"wpcpro-col-\"] { padding: 0 10px; padding-bottom: 20px;} #sp-wp-carousel-free-id-10753 .swiper-slide .single-item-fade:not(:last-child) { margin-right: 20px;}@media (min-width: 480px) { .wpcpro-row .wpcpro-col-sm-1 { flex: 0 0 100%; max-width: 100%; } .wpcpro-row .wpcpro-col-sm-2 { flex: 0 0 50%; max-width: 50%; } .wpcpro-row .wpcpro-col-sm-2-5 { flex: 0 0 75%; max-width: 75%; } .wpcpro-row .wpcpro-col-sm-3 { flex: 0 0 33.333%; max-width: 33.333%; } .wpcpro-row .wpcpro-col-sm-4 { flex: 0 0 25%; max-width: 25%; } .wpcpro-row .wpcpro-col-sm-5 { flex: 0 0 20%; max-width: 20%; } .wpcpro-row .wpcpro-col-sm-6 { flex: 0 0 16.66666666666667%; max-width: 16.66666666666667%; } .wpcpro-row .wpcpro-col-sm-7 { flex: 0 0 14.28571428%; max-width: 14.28571428%; } .wpcpro-row .wpcpro-col-sm-8 { flex: 0 0 12.5%; max-width: 12.5%; } } @media (max-width: 480px) { .wpcpro-row .wpcpro-col-xs-1 { flex: 0 0 100%; max-width: 100%; } .wpcpro-row .wpcpro-col-xs-2 { flex: 0 0 50%; max-width: 50%; } .wpcpro-row .wpcpro-col-xs-3 { flex: 0 0 33.222%; max-width: 33.222%; } .wpcpro-row .wpcpro-col-xs-4 { flex: 0 0 25%; max-width: 25%; } .wpcpro-row .wpcpro-col-xs-5 { flex: 0 0 20%; max-width: 20%; } .wpcpro-row .wpcpro-col-xs-6 { flex: 0 0 16.6667%; max-width: 16.6667%; } .wpcpro-row .wpcpro-col-xs-7 { flex: 0 0 14.28571428%; max-width: 14.28571428%; } .wpcpro-row .wpcpro-col-xs-8 { flex: 0 0 12.5%; max-width: 12.5%; } } @media (min-width: 736px) { .wpcpro-row .wpcpro-col-md-1 { flex: 0 0 100%; max-width: 100%; } .wpcpro-row .wpcpro-col-md-2 { flex: 0 0 50%; max-width: 50%; } .wpcpro-row .wpcpro-col-md-2-5 { flex: 0 0 75%; max-width: 75%; } .wpcpro-row .wpcpro-col-md-3 { flex: 0 0 33.333%; max-width: 33.333%; } .wpcpro-row .wpcpro-col-md-4 { flex: 0 0 25%; max-width: 25%; } .wpcpro-row .wpcpro-col-md-5 { flex: 0 0 20%; max-width: 20%; } .wpcpro-row .wpcpro-col-md-6 { flex: 0 0 16.66666666666667%; max-width: 16.66666666666667%; } .wpcpro-row .wpcpro-col-md-7 { flex: 0 0 14.28571428%; max-width: 14.28571428%; } .wpcpro-row .wpcpro-col-md-8 { flex: 0 0 12.5%; max-width: 12.5%; } } @media (min-width: 980px) { .wpcpro-row .wpcpro-col-lg-1 { flex: 0 0 100%; max-width: 100%; } .wpcpro-row .wpcpro-col-lg-2 { flex: 0 0 50%; max-width: 50%; } .wpcpro-row .wpcpro-col-lg-3 { flex: 0 0 33.222%; max-width: 33.222%; } .wpcpro-row .wpcpro-col-lg-4 { flex: 0 0 25%; max-width: 25%; } .wpcpro-row .wpcpro-col-lg-5 { flex: 0 0 20%; max-width: 20%; } .wpcpro-row .wpcpro-col-lg-6 { flex: 0 0 16.6667%; max-width: 16.6667%; } .wpcpro-row .wpcpro-col-lg-7 { flex: 0 0 14.28571428%; max-width: 14.28571428%; } .wpcpro-row .wpcpro-col-lg-8 { flex: 0 0 12.5%; max-width: 12.5%; } } @media (min-width: 1200px) { .wpcpro-row .wpcpro-col-xl-1 { flex: 0 0 100%; max-width: 100%; } .wpcpro-row .wpcpro-col-xl-2 { flex: 0 0 50%; max-width: 50%; } .wpcpro-row .wpcpro-col-xl-3 { flex: 0 0 33.22222222%; max-width: 33.22222222%; } .wpcpro-row .wpcpro-col-xl-4 { flex: 0 0 25%; max-width: 25%; } .wpcpro-row .wpcpro-col-xl-5 { flex: 0 0 20%; max-width: 20%; } .wpcpro-row .wpcpro-col-xl-6 { flex: 0 0 16.66667%; max-width: 16.66667%; } .wpcpro-row .wpcpro-col-xl-7 { flex: 0 0 14.28571428%; max-width: 14.28571428%; } .wpcpro-row .wpcpro-col-xl-8 { flex: 0 0 12.5%; max-width: 12.5%; } }<\/style><div class=\"wpcp-carousel-wrapper wpcp-wrapper-10753\">\n\t<div id=\"wpcp-preloader-10753\" class=\"wpcp-carousel-preloader\"><img class=\"lazyload\" decoding=\"async\" src=\"data:image\/gif;base64,R0lGODlhAQABAAAAACH5BAEKAAEALAAAAAABAAEAAAICTAEAOw==\" data-orig-src=\"https:\/\/unit-t.eu\/wp-content\/plugins\/wp-carousel-free\/public\/css\/spinner.svg\" alt=\"Preloader Image\" \/><\/div>\t<div class=\"wpcp-carousel-content-wrapper\">\n\t<div id=\"sp-wp-carousel-free-id-10753\" class=\"wpcp-carousel-section sp-wpcp-10753  nav-vertical-center wpcp-image-carousel wpcp-preloader wpcp-standard\" data-swiper='{ &quot;pagination_type&quot;: &quot;dots&quot;,&quot;accessibility&quot;:true, &quot;spaceBetween&quot;:20, &quot;arrows&quot;:true, &quot;freeMode&quot;: false, &quot;autoplay&quot;:false, &quot;effect&quot;: &quot;slide&quot;, &quot;centerMode&quot;: false, &quot;autoplaySpeed&quot;:3000, &quot;dots&quot;:false, &quot;infinite&quot;:true, &quot;speed&quot;:600, &quot;pauseOnHover&quot;:true,\n\t\t\t&quot;slidesToShow&quot;:{&quot;lg_desktop&quot;:4, &quot;desktop&quot;: 4, &quot;laptop&quot;: 4, &quot;tablet&quot;: 2, &quot;mobile&quot;: 1}, &quot;responsive&quot;:{&quot;desktop&quot;:1200, &quot;laptop&quot;: 980, &quot;tablet&quot;: 736, &quot;mobile&quot;: 480}, &quot;rtl&quot;:false, &quot;lazyLoad&quot;: &quot;false&quot;, &quot;swipe&quot;: true, &quot;draggable&quot;: true, &quot;swipeToSlide&quot;:false }' dir=\"ltr\">\n\t\t<div class=\"swiper-wrapper\">\n\t\t<div class=\"swiper-slide\">\n\t<div class=\"wpcp-single-item\">\n\t\t\t<div class=\"wpcp-slide-image\">\n\t\t<img decoding=\"async\" class=\"lazyload skip-lazy\" src=\"data:image\/svg+xml,%3Csvg%20xmlns%3D%27http%3A%2F%2Fwww.w3.org%2F2000%2Fsvg%27%20width%3D%27200%27%20height%3D%27200%27%20viewBox%3D%270%200%20200%20200%27%3E%3Crect%20width%3D%27200%27%20height%3D%27200%27%20fill-opacity%3D%220%22%2F%3E%3C%2Fsvg%3E\" data-orig-src=\"https:\/\/unit-t.eu\/wp-content\/uploads\/2021\/04\/unit1-200x200.jpg\" alt=\"Unit1\" width=\"200\" height=\"200\">\t<\/div>\n\t\t<\/div>\n<\/div>\n\t<div class=\"swiper-slide\">\n\t<div class=\"wpcp-single-item\">\n\t\t\t<div class=\"wpcp-slide-image\">\n\t\t<img decoding=\"async\" class=\"lazyload skip-lazy\" src=\"data:image\/svg+xml,%3Csvg%20xmlns%3D%27http%3A%2F%2Fwww.w3.org%2F2000%2Fsvg%27%20width%3D%27200%27%20height%3D%27200%27%20viewBox%3D%270%200%20200%20200%27%3E%3Crect%20width%3D%27200%27%20height%3D%27200%27%20fill-opacity%3D%220%22%2F%3E%3C%2Fsvg%3E\" data-orig-src=\"https:\/\/unit-t.eu\/wp-content\/uploads\/2021\/04\/unit2-200x200.jpg\" alt=\"Unit2\" width=\"200\" height=\"200\">\t<\/div>\n\t\t<\/div>\n<\/div>\n\t<div class=\"swiper-slide\">\n\t<div class=\"wpcp-single-item\">\n\t\t\t<div class=\"wpcp-slide-image\">\n\t\t<img decoding=\"async\" class=\"lazyload skip-lazy\" src=\"data:image\/svg+xml,%3Csvg%20xmlns%3D%27http%3A%2F%2Fwww.w3.org%2F2000%2Fsvg%27%20width%3D%27200%27%20height%3D%27200%27%20viewBox%3D%270%200%20200%20200%27%3E%3Crect%20width%3D%27200%27%20height%3D%27200%27%20fill-opacity%3D%220%22%2F%3E%3C%2Fsvg%3E\" data-orig-src=\"https:\/\/unit-t.eu\/wp-content\/uploads\/2021\/04\/unit3-200x200.jpg\" alt=\"Unit3\" width=\"200\" height=\"200\">\t<\/div>\n\t\t<\/div>\n<\/div>\n\t<div class=\"swiper-slide\">\n\t<div class=\"wpcp-single-item\">\n\t\t\t<div class=\"wpcp-slide-image\">\n\t\t<img decoding=\"async\" class=\"lazyload skip-lazy\" src=\"data:image\/svg+xml,%3Csvg%20xmlns%3D%27http%3A%2F%2Fwww.w3.org%2F2000%2Fsvg%27%20width%3D%27200%27%20height%3D%27200%27%20viewBox%3D%270%200%20200%20200%27%3E%3Crect%20width%3D%27200%27%20height%3D%27200%27%20fill-opacity%3D%220%22%2F%3E%3C%2Fsvg%3E\" data-orig-src=\"https:\/\/unit-t.eu\/wp-content\/uploads\/2021\/04\/unit4-200x200.jpg\" alt=\"Unit4\" width=\"200\" height=\"200\">\t<\/div>\n\t\t<\/div>\n<\/div>\n\t\t\t<\/div>\n\t\t\t\t<!-- If we need navigation buttons -->\n\t\t\t\t\t<div class=\"wpcp-prev-button swiper-button-prev\"><i class=\"fa fa-angle-left\"><\/i><\/div>\n\t\t\t<div class=\"wpcp-next-button swiper-button-next\"><i class=\"fa fa-angle-right\"><\/i><\/div>\n\t\t\t<\/div>\n\t<\/div>\n<\/div>\n<div class=\"fusion-sep-clear\"><\/div><div class=\"fusion-separator fusion-full-width-sep\" style=\"margin-left: auto;margin-right: auto;margin-top:10px;margin-bottom:10px;width:100%;\"><\/div><div class=\"fusion-sep-clear\"><\/div><div class=\"fusion-aligncenter\"><style type=\"text\/css\">.fusion-button.button-1 {border-radius:25px;}<\/style><a class=\"fusion-button button-flat fusion-button-default-size button-default button-1 fusion-button-default-span fusion-button-default-type\" target=\"_self\" href=\"&#x6d;&#x61;&#x69;&#x6c;&#116;&#111;&#58;in&#x76;&#x65;&#x73;&#x74;&#x6f;&#114;&#46;&#114;el&#x61;&#x74;&#x69;&#x6f;&#x6e;&#115;&#64;&#115;ol&#x75;&#x74;&#x69;&#x6f;&#x6e;&#115;&#51;&#48;&#46;c&#x6f;&#x6d;\"><span class=\"fusion-button-text\">Contactez-nous<\/span><\/a><\/div><div class=\"fusion-sep-clear\"><\/div><div class=\"fusion-separator fusion-full-width-sep\" style=\"margin-left: auto;margin-right: auto;margin-top:10px;margin-bottom:10px;width:100%;\"><\/div><div class=\"fusion-sep-clear\"><\/div><div class=\"fusion-text fusion-text-2\"><p style=\"text-align: center;\">Attention\u00a0: notre \u00e9quipe des relations avec les investisseurs ne peut pas r\u00e9pondre aux questions portant sur des sujets non li\u00e9s \u00e0 ses comp\u00e9tences, notamment les offres d\u2019emploi, les id\u00e9es de produits, les fournisseurs ou les questions commerciales.<\/p>\n<\/div><div class=\"fusion-clearfix\"><\/div><\/div><\/div><\/div><\/div>\n","protected":false},"excerpt":{"rendered":"","protected":false},"author":32,"featured_media":0,"parent":9972,"menu_order":0,"comment_status":"closed","ping_status":"closed","template":"","meta":{"footnotes":""},"class_list":["post-10006","page","type-page","status-publish","hentry"],"yoast_head":"<!-- This site is optimized with the Yoast SEO plugin v27.3 - https:\/\/yoast.com\/product\/yoast-seo-wordpress\/ -->\n<title>Investisseurs - Unit-T<\/title>\n<meta name=\"description\" content=\"The Investor Relations section of our website provides investors with all the information needed to get a better understanding of our company\u2019s profile and financials.\" \/>\n<meta name=\"robots\" content=\"index, follow, max-snippet:-1, max-image-preview:large, max-video-preview:-1\" \/>\n<link rel=\"canonical\" href=\"https:\/\/unit-t.eu\/fr\/contact\/investeerders\/\" \/>\n<meta property=\"og:locale\" content=\"fr_FR\" \/>\n<meta property=\"og:type\" content=\"article\" \/>\n<meta property=\"og:title\" content=\"Investisseurs - Unit-T\" \/>\n<meta property=\"og:description\" content=\"The Investor Relations section of our website provides investors with all the information needed to get a better understanding of our company\u2019s profile and financials.\" \/>\n<meta property=\"og:url\" content=\"https:\/\/unit-t.eu\/fr\/contact\/investeerders\/\" \/>\n<meta property=\"og:site_name\" content=\"Unit-T\" \/>\n<meta property=\"article:publisher\" content=\"https:\/\/www.facebook.com\/UnitTmechelen\" \/>\n<meta property=\"article:modified_time\" content=\"2025-05-08T08:52:54+00:00\" \/>\n<meta property=\"og:image\" content=\"https:\/\/unit-t.eu\/wp-content\/uploads\/2020\/11\/Unit-T-Logo-Transparant-2.png\" \/>\n\t<meta property=\"og:image:width\" content=\"1920\" \/>\n\t<meta property=\"og:image:height\" content=\"770\" \/>\n\t<meta property=\"og:image:type\" content=\"image\/png\" \/>\n<meta name=\"twitter:card\" content=\"summary_large_image\" \/>\n<meta name=\"twitter:site\" content=\"@UnitTmechelen\" \/>\n<meta name=\"twitter:label1\" content=\"Dur\u00e9e de lecture estim\u00e9e\" \/>\n\t<meta name=\"twitter:data1\" content=\"2 minutes\" \/>\n<script type=\"application\/ld+json\" class=\"yoast-schema-graph\">{\"@context\":\"https:\\\/\\\/schema.org\",\"@graph\":[{\"@type\":\"WebPage\",\"@id\":\"https:\\\/\\\/unit-t.eu\\\/fr\\\/contact\\\/investeerders\\\/\",\"url\":\"https:\\\/\\\/unit-t.eu\\\/fr\\\/contact\\\/investeerders\\\/\",\"name\":\"Investisseurs - Unit-T\",\"isPartOf\":{\"@id\":\"https:\\\/\\\/unit-t.eu\\\/fr\\\/#website\"},\"datePublished\":\"2021-02-23T05:49:57+00:00\",\"dateModified\":\"2025-05-08T08:52:54+00:00\",\"description\":\"The Investor Relations section of our website provides investors with all the information needed to get a better understanding of our company\u2019s profile and financials.\",\"breadcrumb\":{\"@id\":\"https:\\\/\\\/unit-t.eu\\\/fr\\\/contact\\\/investeerders\\\/#breadcrumb\"},\"inLanguage\":\"fr-FR\",\"potentialAction\":[{\"@type\":\"ReadAction\",\"target\":[\"https:\\\/\\\/unit-t.eu\\\/fr\\\/contact\\\/investeerders\\\/\"]}]},{\"@type\":\"BreadcrumbList\",\"@id\":\"https:\\\/\\\/unit-t.eu\\\/fr\\\/contact\\\/investeerders\\\/#breadcrumb\",\"itemListElement\":[{\"@type\":\"ListItem\",\"position\":1,\"name\":\"Startseite\",\"item\":\"https:\\\/\\\/unit-t.eu\\\/fr\\\/\"},{\"@type\":\"ListItem\",\"position\":2,\"name\":\"Contact\",\"item\":\"https:\\\/\\\/unit-t.eu\\\/fr\\\/contact\\\/\"},{\"@type\":\"ListItem\",\"position\":3,\"name\":\"Investisseurs\"}]},{\"@type\":\"WebSite\",\"@id\":\"https:\\\/\\\/unit-t.eu\\\/fr\\\/#website\",\"url\":\"https:\\\/\\\/unit-t.eu\\\/fr\\\/\",\"name\":\"Unit-T\",\"description\":\"Connecting your future\",\"potentialAction\":[{\"@type\":\"SearchAction\",\"target\":{\"@type\":\"EntryPoint\",\"urlTemplate\":\"https:\\\/\\\/unit-t.eu\\\/fr\\\/?s={search_term_string}\"},\"query-input\":{\"@type\":\"PropertyValueSpecification\",\"valueRequired\":true,\"valueName\":\"search_term_string\"}}],\"inLanguage\":\"fr-FR\"}]}<\/script>\n<!-- \/ Yoast SEO plugin. -->","yoast_head_json":{"title":"Investisseurs - Unit-T","description":"The Investor Relations section of our website provides investors with all the information needed to get a better understanding of our company\u2019s profile and financials.","robots":{"index":"index","follow":"follow","max-snippet":"max-snippet:-1","max-image-preview":"max-image-preview:large","max-video-preview":"max-video-preview:-1"},"canonical":"https:\/\/unit-t.eu\/fr\/contact\/investeerders\/","og_locale":"fr_FR","og_type":"article","og_title":"Investisseurs - Unit-T","og_description":"The Investor Relations section of our website provides investors with all the information needed to get a better understanding of our company\u2019s profile and financials.","og_url":"https:\/\/unit-t.eu\/fr\/contact\/investeerders\/","og_site_name":"Unit-T","article_publisher":"https:\/\/www.facebook.com\/UnitTmechelen","article_modified_time":"2025-05-08T08:52:54+00:00","og_image":[{"width":1920,"height":770,"url":"https:\/\/unit-t.eu\/wp-content\/uploads\/2020\/11\/Unit-T-Logo-Transparant-2.png","type":"image\/png"}],"twitter_card":"summary_large_image","twitter_site":"@UnitTmechelen","twitter_misc":{"Dur\u00e9e de lecture estim\u00e9e":"2 minutes"},"schema":{"@context":"https:\/\/schema.org","@graph":[{"@type":"WebPage","@id":"https:\/\/unit-t.eu\/fr\/contact\/investeerders\/","url":"https:\/\/unit-t.eu\/fr\/contact\/investeerders\/","name":"Investisseurs - Unit-T","isPartOf":{"@id":"https:\/\/unit-t.eu\/fr\/#website"},"datePublished":"2021-02-23T05:49:57+00:00","dateModified":"2025-05-08T08:52:54+00:00","description":"The Investor Relations section of our website provides investors with all the information needed to get a better understanding of our company\u2019s profile and financials.","breadcrumb":{"@id":"https:\/\/unit-t.eu\/fr\/contact\/investeerders\/#breadcrumb"},"inLanguage":"fr-FR","potentialAction":[{"@type":"ReadAction","target":["https:\/\/unit-t.eu\/fr\/contact\/investeerders\/"]}]},{"@type":"BreadcrumbList","@id":"https:\/\/unit-t.eu\/fr\/contact\/investeerders\/#breadcrumb","itemListElement":[{"@type":"ListItem","position":1,"name":"Startseite","item":"https:\/\/unit-t.eu\/fr\/"},{"@type":"ListItem","position":2,"name":"Contact","item":"https:\/\/unit-t.eu\/fr\/contact\/"},{"@type":"ListItem","position":3,"name":"Investisseurs"}]},{"@type":"WebSite","@id":"https:\/\/unit-t.eu\/fr\/#website","url":"https:\/\/unit-t.eu\/fr\/","name":"Unit-T","description":"Connecting your future","potentialAction":[{"@type":"SearchAction","target":{"@type":"EntryPoint","urlTemplate":"https:\/\/unit-t.eu\/fr\/?s={search_term_string}"},"query-input":{"@type":"PropertyValueSpecification","valueRequired":true,"valueName":"search_term_string"}}],"inLanguage":"fr-FR"}]}},"jetpack_sharing_enabled":true,"_links":{"self":[{"href":"https:\/\/unit-t.eu\/fr\/wp-json\/wp\/v2\/pages\/10006","targetHints":{"allow":["GET"]}}],"collection":[{"href":"https:\/\/unit-t.eu\/fr\/wp-json\/wp\/v2\/pages"}],"about":[{"href":"https:\/\/unit-t.eu\/fr\/wp-json\/wp\/v2\/types\/page"}],"author":[{"embeddable":true,"href":"https:\/\/unit-t.eu\/fr\/wp-json\/wp\/v2\/users\/32"}],"replies":[{"embeddable":true,"href":"https:\/\/unit-t.eu\/fr\/wp-json\/wp\/v2\/comments?post=10006"}],"version-history":[{"count":3,"href":"https:\/\/unit-t.eu\/fr\/wp-json\/wp\/v2\/pages\/10006\/revisions"}],"predecessor-version":[{"id":12559,"href":"https:\/\/unit-t.eu\/fr\/wp-json\/wp\/v2\/pages\/10006\/revisions\/12559"}],"up":[{"embeddable":true,"href":"https:\/\/unit-t.eu\/fr\/wp-json\/wp\/v2\/pages\/9972"}],"wp:attachment":[{"href":"https:\/\/unit-t.eu\/fr\/wp-json\/wp\/v2\/media?parent=10006"}],"curies":[{"name":"wp","href":"https:\/\/api.w.org\/{rel}","templated":true}]}}