{"id":10052,"date":"2021-02-23T06:55:49","date_gmt":"2021-02-23T05:55:49","guid":{"rendered":"https:\/\/unit-t.eu\/duurzaam-ondernemen\/certificaties-unit-t\/"},"modified":"2021-03-01T14:01:50","modified_gmt":"2021-03-01T13:01:50","slug":"certificaties-unit-t","status":"publish","type":"page","link":"https:\/\/unit-t.eu\/fr\/duurzaam-ondernemen\/certificaties-unit-t\/","title":{"rendered":"Certifications Unit-T"},"content":{"rendered":"<p><div class=\"fusion-fullwidth fullwidth-box fusion-builder-row-1 nonhundred-percent-fullwidth non-hundred-percent-height-scrolling fusion-equal-height-columns\" style=\"background-color: rgba(255,255,255,0);background-position: center center;background-repeat: no-repeat;padding-top:0px;padding-right:0px;padding-bottom:0px;padding-left:0px;margin-bottom: 0px;margin-top: 0px;border-width: 0px 0px 0px 0px;border-color:#edeef2;border-style:solid;\" ><div class=\"fusion-builder-row fusion-row\"><div class=\"fusion-layout-column fusion_builder_column fusion-builder-column-0 fusion_builder_column_2_3 2_3 fusion-two-third fusion-column-first\" style=\"width:66.666666666667%;width:calc(66.666666666667% - ( ( 4% ) * 0.66666666666667 ) );margin-right: 4%;margin-top:0px;margin-bottom:0px;\"><div class=\"fusion-column-wrapper fusion-flex-column-wrapper-legacy\" style=\"background-position:left top;background-repeat:no-repeat;-webkit-background-size:cover;-moz-background-size:cover;-o-background-size:cover;background-size:cover;padding: 0px 0px 0px 0px;\"><div class=\"fusion-text fusion-text-1\"><p>Vous trouverez ci-dessous une liste de tous les audits et certificats valables pour l&rsquo;ann\u00e9e \u00e9coul\u00e9e :<\/p>\n<\/div><div class=\"fusion-text fusion-text-2\"><ul>\n<li><strong>Ecovadis 2020 : score de 69 \/100 (Gold)<\/strong><\/li>\n<\/ul>\n<p>Pour la deuxi\u00e8me fois cons\u00e9cutive, la plateforme ind\u00e9pendante Ecovadis nous a attribu\u00e9 l\u2019or en mati\u00e8re d\u2019entrepreneuriat socialement responsable. Nous avons m\u00eame r\u00e9ussi \u00e0 am\u00e9liorer le score de l&rsquo;ann\u00e9e derni\u00e8re, ce qui nous permet de nous profiler comme une entreprise o\u00f9 le capital humain et les processus durables sont hautement valoris\u00e9s, non seulement dans les processus textuels, mais aussi dans les chiffres et les activit\u00e9s quotidiennes. L&rsquo;analyse d&rsquo;Ecovadis consiste en une mesure r\u00e9partie sur quatre th\u00e8mes : environnement, conditions de travail \u00e9quitables, pratiques commerciales \u00e9thiques et durabilit\u00e9 au sein de la cha\u00eene logistique.<\/p>\n<\/div><div class=\"fusion-clearfix\"><\/div><\/div><\/div><div class=\"fusion-layout-column fusion_builder_column fusion-builder-column-1 fusion_builder_column_1_3 1_3 fusion-one-third fusion-column-last\" style=\"width:33.333333333333%;width:calc(33.333333333333% - ( ( 4% ) * 0.33333333333333 ) );margin-top:0px;margin-bottom:0px;\"><div class=\"fusion-column-wrapper fusion-flex-column-wrapper-legacy\" style=\"background-position:left top;background-repeat:no-repeat;-webkit-background-size:cover;-moz-background-size:cover;-o-background-size:cover;background-size:cover;padding: 0px 0px 0px 0px;\"><div class=\"fusion-column-content-centered\"><div class=\"fusion-column-content\"><div class=\"imageframe-align-center\"><span class=\" fusion-imageframe imageframe-none imageframe-1 hover-type-none\" style=\"max-width:170px;\"><img decoding=\"async\" width=\"1667\" height=\"1667\" title=\"Ecovadis Golden label 2020\" src=\"https:\/\/unit-t.eu\/wp-content\/uploads\/2020\/11\/Ecovadis-Golden-label-2020.png\" data-orig-src=\"https:\/\/unit-t.eu\/wp-content\/uploads\/2020\/11\/Ecovadis-Golden-label-2020.png\" class=\"lazyload img-responsive wp-image-8568\" srcset=\"data:image\/svg+xml,%3Csvg%20xmlns%3D%27http%3A%2F%2Fwww.w3.org%2F2000%2Fsvg%27%20width%3D%271667%27%20height%3D%271667%27%20viewBox%3D%270%200%201667%201667%27%3E%3Crect%20width%3D%271667%27%20height%3D%271667%27%20fill-opacity%3D%220%22%2F%3E%3C%2Fsvg%3E\" data-srcset=\"https:\/\/unit-t.eu\/wp-content\/uploads\/2020\/11\/Ecovadis-Golden-label-2020-200x200.png 200w, https:\/\/unit-t.eu\/wp-content\/uploads\/2020\/11\/Ecovadis-Golden-label-2020-400x400.png 400w, https:\/\/unit-t.eu\/wp-content\/uploads\/2020\/11\/Ecovadis-Golden-label-2020-600x600.png 600w, https:\/\/unit-t.eu\/wp-content\/uploads\/2020\/11\/Ecovadis-Golden-label-2020-800x800.png 800w, https:\/\/unit-t.eu\/wp-content\/uploads\/2020\/11\/Ecovadis-Golden-label-2020-1200x1200.png 1200w, https:\/\/unit-t.eu\/wp-content\/uploads\/2020\/11\/Ecovadis-Golden-label-2020.png 1667w\" data-sizes=\"auto\" data-orig-sizes=\"(max-width: 960px) 100vw, 600px\" \/><\/span><\/div><\/div><\/div><div class=\"fusion-clearfix\"><\/div><\/div><\/div><\/div><\/div><div class=\"fusion-fullwidth fullwidth-box fusion-builder-row-2 nonhundred-percent-fullwidth non-hundred-percent-height-scrolling fusion-equal-height-columns\" style=\"background-color: rgba(255,255,255,0);background-position: center center;background-repeat: no-repeat;padding-top:0px;padding-right:0px;padding-bottom:0px;padding-left:0px;margin-bottom: 0px;margin-top: 0px;border-width: 0px 0px 0px 0px;border-color:#edeef2;border-style:solid;\" ><div class=\"fusion-builder-row fusion-row\"><div class=\"fusion-layout-column fusion_builder_column fusion-builder-column-2 fusion_builder_column_2_3 2_3 fusion-two-third fusion-column-first\" style=\"width:66.666666666667%;width:calc(66.666666666667% - ( ( 4% ) * 0.66666666666667 ) );margin-right: 4%;margin-top:0px;margin-bottom:0px;\"><div class=\"fusion-column-wrapper fusion-flex-column-wrapper-legacy\" style=\"background-position:left top;background-repeat:no-repeat;-webkit-background-size:cover;-moz-background-size:cover;-o-background-size:cover;background-size:cover;padding: 0px 0px 0px 0px;\"><div class=\"fusion-text fusion-text-3\"><ul>\n<li style=\"list-style-type: none;\">\n<ul>\n<li><strong>Certification ISO 27001:2013 <\/strong><\/li>\n<\/ul>\n<\/li>\n<\/ul>\n<p>L&rsquo;objectif de la certification ISO 27001 est d&rsquo;assurer la continuit\u00e9 de l&rsquo;information et de la fourniture d&rsquo;informations, tout en limitant les cons\u00e9quences possibles des incidents de s\u00e9curit\u00e9 \u00e0 un niveau acceptable et pr\u00e9d\u00e9termin\u00e9. La norme sp\u00e9cifie les exigences pour \u00e9tablir, mettre en \u0153uvre, ex\u00e9cuter, v\u00e9rifier, maintenir et am\u00e9liorer un syst\u00e8me de gestion de la s\u00e9curit\u00e9 de l&rsquo;information (SGSI) document\u00e9 dans le contexte des risques commerciaux globaux pour l&rsquo;organisation.<\/p>\n<\/div><div class=\"fusion-clearfix\"><\/div><\/div><\/div><div class=\"fusion-layout-column fusion_builder_column fusion-builder-column-3 fusion_builder_column_1_3 1_3 fusion-one-third fusion-column-last\" style=\"width:33.333333333333%;width:calc(33.333333333333% - ( ( 4% ) * 0.33333333333333 ) );margin-top:0px;margin-bottom:0px;\"><div class=\"fusion-column-wrapper fusion-flex-column-wrapper-legacy\" style=\"background-position:left top;background-repeat:no-repeat;-webkit-background-size:cover;-moz-background-size:cover;-o-background-size:cover;background-size:cover;padding: 0px 0px 0px 0px;\"><div class=\"fusion-column-content-centered\"><div class=\"fusion-column-content\"><div class=\"imageframe-align-center\"><span class=\" fusion-imageframe imageframe-none imageframe-2 hover-type-none\" style=\"max-width:300px;\"><img decoding=\"async\" width=\"800\" height=\"450\" title=\"img-Logo-ISO-27001-800&#215;450\" src=\"data:image\/svg+xml,%3Csvg%20xmlns%3D%27http%3A%2F%2Fwww.w3.org%2F2000%2Fsvg%27%20width%3D%27800%27%20height%3D%27450%27%20viewBox%3D%270%200%20800%20450%27%3E%3Crect%20width%3D%27800%27%20height%3D%27450%27%20fill-opacity%3D%220%22%2F%3E%3C%2Fsvg%3E\" data-orig-src=\"https:\/\/unit-t.eu\/wp-content\/uploads\/2020\/12\/img-Logo-ISO-27001-800x450-1-e1608817527923.jpg\" class=\"lazyload img-responsive wp-image-8856\"\/><\/span><\/div><\/div><\/div><div class=\"fusion-clearfix\"><\/div><\/div><\/div><\/div><\/div><div class=\"fusion-fullwidth fullwidth-box fusion-builder-row-3 nonhundred-percent-fullwidth non-hundred-percent-height-scrolling fusion-equal-height-columns\" style=\"background-color: rgba(255,255,255,0);background-position: center center;background-repeat: no-repeat;padding-top:30px;padding-right:0px;padding-bottom:8%;padding-left:0px;margin-bottom: 0px;margin-top: 0px;border-width: 0px 0px 0px 0px;border-color:#edeef2;border-style:solid;\" ><div class=\"fusion-builder-row fusion-row\"><div class=\"fusion-layout-column fusion_builder_column fusion-builder-column-4 fusion_builder_column_1_1 1_1 fusion-one-full fusion-column-first fusion-column-last\" style=\"margin-top:0px;margin-bottom:0px;\"><div class=\"fusion-column-wrapper fusion-flex-column-wrapper-legacy\" style=\"background-position:left top;background-repeat:no-repeat;-webkit-background-size:cover;-moz-background-size:cover;-o-background-size:cover;background-size:cover;padding: 0px 0px 0px 0px;\"><div class=\"fusion-text fusion-text-4\"><p>Les certifications ISO du Groupe sont :<\/p>\n<\/div>\n<div class=\"table-1\">\n<table width=\"100%\">\n<thead>\n<tr style=\"background-color: orange;\">\n<th align=\"left\"><strong>Standard<\/strong><\/th>\n<th align=\"left\"><strong>Description<\/strong><\/th>\n<th align=\"left\"><strong>D\u00e9livr\u00e9e pour les organisations du Groupe comme suit :<\/strong><\/th>\n<\/tr>\n<\/thead>\n<tbody>\n<tr>\n<td align=\"left\">ISO 9001:2015<\/td>\n<td align=\"left\">syst\u00e8mes de gestion de la qualit\u00e9<\/td>\n<td align=\"left\">France, Italie, Luxembourg, Espagne<\/td>\n<\/tr>\n<tr>\n<td align=\"left\">ISO 45001:2018<\/td>\n<td align=\"left\">syst\u00e8me de gestion de la sant\u00e9 et de la s\u00e9curit\u00e9<\/td>\n<td align=\"left\">France, Italie, Luxembourg<\/td>\n<\/tr>\n<tr>\n<td align=\"left\">ISO 14001:2015<\/td>\n<td align=\"left\">syst\u00e8me de gestion environnementale<\/td>\n<td align=\"left\">France, Italie, Luxembourg, Espagne<\/td>\n<\/tr>\n<tr>\n<td align=\"left\">ISO 27001:2013<\/td>\n<td align=\"left\">syst\u00e8me de gestion de la s\u00e9curit\u00e9 de l&rsquo;information<\/td>\n<td align=\"left\">France, Italie, Espagne, Pays-Bas, Belgique, Allemagne, Luxembourg<\/td>\n<\/tr>\n<\/tbody>\n<\/table>\n<\/div>\n<div class=\"fusion-clearfix\"><\/div><\/div><\/div><\/div><\/div><\/p>\n","protected":false},"excerpt":{"rendered":"","protected":false},"author":7,"featured_media":0,"parent":10019,"menu_order":0,"comment_status":"closed","ping_status":"closed","template":"","meta":{"footnotes":""},"class_list":["post-10052","page","type-page","status-publish","hentry"],"yoast_head":"<!-- This site is optimized with the Yoast SEO plugin v27.3 - https:\/\/yoast.com\/product\/yoast-seo-wordpress\/ -->\n<title>Certifications Unit-T - Unit-T<\/title>\n<meta name=\"description\" content=\"At Solutions 30, we are convinced that good corporate governance is essential to earning trust among our shareholders, business partners, and employees. We streamline our daily efforts in accordance with the values and principles our company stands for.\" \/>\n<meta name=\"robots\" content=\"noindex, nofollow\" \/>\n<meta property=\"og:locale\" content=\"fr_FR\" \/>\n<meta property=\"og:type\" content=\"article\" \/>\n<meta property=\"og:title\" content=\"Certifications Unit-T - Unit-T\" \/>\n<meta property=\"og:description\" content=\"At Solutions 30, we are convinced that good corporate governance is essential to earning trust among our shareholders, business partners, and employees. We streamline our daily efforts in accordance with the values and principles our company stands for.\" \/>\n<meta property=\"og:url\" content=\"https:\/\/unit-t.eu\/fr\/duurzaam-ondernemen\/certificaties-unit-t\/\" \/>\n<meta property=\"og:site_name\" content=\"Unit-T\" \/>\n<meta property=\"article:publisher\" content=\"https:\/\/www.facebook.com\/UnitTmechelen\" \/>\n<meta property=\"article:modified_time\" content=\"2021-03-01T13:01:50+00:00\" \/>\n<meta property=\"og:image\" content=\"https:\/\/unit-t.eu\/wp-content\/uploads\/2020\/11\/Unit-T-Logo-Transparant-2.png\" \/>\n\t<meta property=\"og:image:width\" content=\"1920\" \/>\n\t<meta property=\"og:image:height\" content=\"770\" \/>\n\t<meta property=\"og:image:type\" content=\"image\/png\" \/>\n<meta name=\"twitter:card\" content=\"summary_large_image\" \/>\n<meta name=\"twitter:site\" content=\"@UnitTmechelen\" \/>\n<meta name=\"twitter:label1\" content=\"Dur\u00e9e de lecture estim\u00e9e\" \/>\n\t<meta name=\"twitter:data1\" content=\"9 minutes\" \/>\n<script type=\"application\/ld+json\" class=\"yoast-schema-graph\">{\"@context\":\"https:\\\/\\\/schema.org\",\"@graph\":[{\"@type\":\"WebPage\",\"@id\":\"https:\\\/\\\/unit-t.eu\\\/fr\\\/duurzaam-ondernemen\\\/certificaties-unit-t\\\/\",\"url\":\"https:\\\/\\\/unit-t.eu\\\/fr\\\/duurzaam-ondernemen\\\/certificaties-unit-t\\\/\",\"name\":\"Certifications Unit-T - Unit-T\",\"isPartOf\":{\"@id\":\"https:\\\/\\\/unit-t.eu\\\/fr\\\/#website\"},\"datePublished\":\"2021-02-23T05:55:49+00:00\",\"dateModified\":\"2021-03-01T13:01:50+00:00\",\"description\":\"At Solutions 30, we are convinced that good corporate governance is essential to earning trust among our shareholders, business partners, and employees. We streamline our daily efforts in accordance with the values and principles our company stands for.\",\"breadcrumb\":{\"@id\":\"https:\\\/\\\/unit-t.eu\\\/fr\\\/duurzaam-ondernemen\\\/certificaties-unit-t\\\/#breadcrumb\"},\"inLanguage\":\"fr-FR\",\"potentialAction\":[{\"@type\":\"ReadAction\",\"target\":[\"https:\\\/\\\/unit-t.eu\\\/fr\\\/duurzaam-ondernemen\\\/certificaties-unit-t\\\/\"]}]},{\"@type\":\"BreadcrumbList\",\"@id\":\"https:\\\/\\\/unit-t.eu\\\/fr\\\/duurzaam-ondernemen\\\/certificaties-unit-t\\\/#breadcrumb\",\"itemListElement\":[{\"@type\":\"ListItem\",\"position\":1,\"name\":\"Startseite\",\"item\":\"https:\\\/\\\/unit-t.eu\\\/fr\\\/\"},{\"@type\":\"ListItem\",\"position\":2,\"name\":\"Entrepreneuriat durable\",\"item\":\"https:\\\/\\\/unit-t.eu\\\/fr\\\/duurzaam-ondernemen\\\/\"},{\"@type\":\"ListItem\",\"position\":3,\"name\":\"Certifications Unit-T\"}]},{\"@type\":\"WebSite\",\"@id\":\"https:\\\/\\\/unit-t.eu\\\/fr\\\/#website\",\"url\":\"https:\\\/\\\/unit-t.eu\\\/fr\\\/\",\"name\":\"Unit-T\",\"description\":\"Connecting your future\",\"potentialAction\":[{\"@type\":\"SearchAction\",\"target\":{\"@type\":\"EntryPoint\",\"urlTemplate\":\"https:\\\/\\\/unit-t.eu\\\/fr\\\/?s={search_term_string}\"},\"query-input\":{\"@type\":\"PropertyValueSpecification\",\"valueRequired\":true,\"valueName\":\"search_term_string\"}}],\"inLanguage\":\"fr-FR\"}]}<\/script>\n<!-- \/ Yoast SEO plugin. -->","yoast_head_json":{"title":"Certifications Unit-T - Unit-T","description":"At Solutions 30, we are convinced that good corporate governance is essential to earning trust among our shareholders, business partners, and employees. We streamline our daily efforts in accordance with the values and principles our company stands for.","robots":{"index":"noindex","follow":"nofollow"},"og_locale":"fr_FR","og_type":"article","og_title":"Certifications Unit-T - Unit-T","og_description":"At Solutions 30, we are convinced that good corporate governance is essential to earning trust among our shareholders, business partners, and employees. We streamline our daily efforts in accordance with the values and principles our company stands for.","og_url":"https:\/\/unit-t.eu\/fr\/duurzaam-ondernemen\/certificaties-unit-t\/","og_site_name":"Unit-T","article_publisher":"https:\/\/www.facebook.com\/UnitTmechelen","article_modified_time":"2021-03-01T13:01:50+00:00","og_image":[{"width":1920,"height":770,"url":"https:\/\/unit-t.eu\/wp-content\/uploads\/2020\/11\/Unit-T-Logo-Transparant-2.png","type":"image\/png"}],"twitter_card":"summary_large_image","twitter_site":"@UnitTmechelen","twitter_misc":{"Dur\u00e9e de lecture estim\u00e9e":"9 minutes"},"schema":{"@context":"https:\/\/schema.org","@graph":[{"@type":"WebPage","@id":"https:\/\/unit-t.eu\/fr\/duurzaam-ondernemen\/certificaties-unit-t\/","url":"https:\/\/unit-t.eu\/fr\/duurzaam-ondernemen\/certificaties-unit-t\/","name":"Certifications Unit-T - Unit-T","isPartOf":{"@id":"https:\/\/unit-t.eu\/fr\/#website"},"datePublished":"2021-02-23T05:55:49+00:00","dateModified":"2021-03-01T13:01:50+00:00","description":"At Solutions 30, we are convinced that good corporate governance is essential to earning trust among our shareholders, business partners, and employees. We streamline our daily efforts in accordance with the values and principles our company stands for.","breadcrumb":{"@id":"https:\/\/unit-t.eu\/fr\/duurzaam-ondernemen\/certificaties-unit-t\/#breadcrumb"},"inLanguage":"fr-FR","potentialAction":[{"@type":"ReadAction","target":["https:\/\/unit-t.eu\/fr\/duurzaam-ondernemen\/certificaties-unit-t\/"]}]},{"@type":"BreadcrumbList","@id":"https:\/\/unit-t.eu\/fr\/duurzaam-ondernemen\/certificaties-unit-t\/#breadcrumb","itemListElement":[{"@type":"ListItem","position":1,"name":"Startseite","item":"https:\/\/unit-t.eu\/fr\/"},{"@type":"ListItem","position":2,"name":"Entrepreneuriat durable","item":"https:\/\/unit-t.eu\/fr\/duurzaam-ondernemen\/"},{"@type":"ListItem","position":3,"name":"Certifications Unit-T"}]},{"@type":"WebSite","@id":"https:\/\/unit-t.eu\/fr\/#website","url":"https:\/\/unit-t.eu\/fr\/","name":"Unit-T","description":"Connecting your future","potentialAction":[{"@type":"SearchAction","target":{"@type":"EntryPoint","urlTemplate":"https:\/\/unit-t.eu\/fr\/?s={search_term_string}"},"query-input":{"@type":"PropertyValueSpecification","valueRequired":true,"valueName":"search_term_string"}}],"inLanguage":"fr-FR"}]}},"jetpack_sharing_enabled":true,"_links":{"self":[{"href":"https:\/\/unit-t.eu\/fr\/wp-json\/wp\/v2\/pages\/10052","targetHints":{"allow":["GET"]}}],"collection":[{"href":"https:\/\/unit-t.eu\/fr\/wp-json\/wp\/v2\/pages"}],"about":[{"href":"https:\/\/unit-t.eu\/fr\/wp-json\/wp\/v2\/types\/page"}],"author":[{"embeddable":true,"href":"https:\/\/unit-t.eu\/fr\/wp-json\/wp\/v2\/users\/7"}],"replies":[{"embeddable":true,"href":"https:\/\/unit-t.eu\/fr\/wp-json\/wp\/v2\/comments?post=10052"}],"version-history":[{"count":0,"href":"https:\/\/unit-t.eu\/fr\/wp-json\/wp\/v2\/pages\/10052\/revisions"}],"up":[{"embeddable":true,"href":"https:\/\/unit-t.eu\/fr\/wp-json\/wp\/v2\/pages\/10019"}],"wp:attachment":[{"href":"https:\/\/unit-t.eu\/fr\/wp-json\/wp\/v2\/media?parent=10052"}],"curies":[{"name":"wp","href":"https:\/\/api.w.org\/{rel}","templated":true}]}}