{"id":9986,"date":"2021-02-23T06:46:56","date_gmt":"2021-02-23T05:46:56","guid":{"rendered":"https:\/\/unit-t.eu\/energy-solutions\/"},"modified":"2021-05-18T17:12:52","modified_gmt":"2021-05-18T15:12:52","slug":"energy-solutions","status":"publish","type":"page","link":"https:\/\/unit-t.eu\/fr\/onze-business-units\/energy-solutions\/","title":{"rendered":"Solutions pour l&rsquo;\u00e9nergie"},"content":{"rendered":"<p><div class=\"fusion-fullwidth fullwidth-box fusion-builder-row-1 nonhundred-percent-fullwidth non-hundred-percent-height-scrolling fusion-equal-height-columns\" style=\"background-color: rgba(255,255,255,0);background-position: center center;background-repeat: no-repeat;padding-top:0px;padding-right:0px;padding-bottom:0px;padding-left:0px;margin-bottom: 0px;margin-top: 0px;border-width: 0px 0px 0px 0px;border-color:#edeef2;border-style:solid;\" ><div class=\"fusion-builder-row fusion-row\"><div class=\"fusion-layout-column fusion_builder_column fusion-builder-column-0 fusion_builder_column_1_1 1_1 fusion-one-full fusion-column-first fusion-column-last\" style=\"margin-top:0px;margin-bottom:0px;\"><div class=\"fusion-column-wrapper fusion-flex-column-wrapper-legacy\" style=\"background-position:left top;background-repeat:no-repeat;-webkit-background-size:cover;-moz-background-size:cover;-o-background-size:cover;background-size:cover;padding: 0px 0px 0px 0px;\"><div class=\"fusion-column-content-centered\"><div class=\"fusion-column-content\"><style type=\"text\/css\"><\/style><div class=\"fusion-title title fusion-title-1 fusion-title-text fusion-title-size-two\" style=\"margin-top:0px;margin-right:0px;margin-bottom:15px;margin-left:0px;\"><h2 class=\"title-heading-left fusion-responsive-typography-calculated\" style=\"margin:0;color:#77b127;--fontSize:28;line-height:1.2;\">Unit-T soutient les projets d\u2019\u00e9nergie durable qui rendent le monde meilleur.<\/h2><span class=\"awb-title-spacer\"><\/span><div class=\"title-sep-container\"><div class=\"title-sep sep-\" style=\"border-color:#edeef2;\"><\/div><\/div><\/div><div class=\"fusion-text fusion-text-1\"><p>La consommation d\u2019\u00e9nergie conna\u00eet une augmentation continue dans le monde. Les fournisseurs d\u2019\u00e9nergie font appel \u00e0 Unit-T pour leurs services. En tant que partenaire, Unit-T r\u00e9fl\u00e9chit \u00e0 leurs c\u00f4t\u00e9s \u00e0 la possibilit\u00e9 de proposer des combinaisons intelligentes d\u2019appareils IOT et de services dans et autour de la maison, notamment des services de r\u00e9paration et de maintenance, la r\u00e9alisation d\u2019audits \u00e9nerg\u00e9tiques, l\u2019installation de compteurs num\u00e9riques, etc.<\/p>\n<p>Unit-T combine passion et efficacit\u00e9 dans son soutien aux projets durables qui r\u00e9duiront notre empreinte \u00e9cologique. Nous aspirons \u00e0 devenir le partenaire privil\u00e9gi\u00e9 des fournisseurs d\u2019\u00e9nergie europ\u00e9ens qui, avec nous, veulent faire du monde un endroit meilleur et plus propre.<\/p>\n<\/div><\/div><\/div><div class=\"fusion-clearfix\"><\/div><\/div><\/div><\/div><\/div><div class=\"fusion-fullwidth fullwidth-box fusion-builder-row-2 nonhundred-percent-fullwidth non-hundred-percent-height-scrolling fusion-equal-height-columns\" style=\"background-color: rgba(255,255,255,0);background-position: center center;background-repeat: no-repeat;padding-top:0px;padding-right:0px;padding-bottom:0px;padding-left:0px;margin-bottom: 30px;margin-top: 30px;border-width: 0px 0px 0px 0px;border-color:#edeef2;border-style:solid;\" ><div class=\"fusion-builder-row fusion-row\"><div class=\"fusion-layout-column fusion_builder_column fusion-builder-column-1 fusion_builder_column_1_2 1_2 fusion-one-half fusion-column-first\" style=\"width:50%;width:calc(50% - ( ( 3% ) * 0.5 ) );margin-right: 3%;margin-top:0px;margin-bottom:0px;\"><div class=\"fusion-column-wrapper fusion-flex-column-wrapper-legacy\" style=\"background-position:left top;background-repeat:no-repeat;-webkit-background-size:cover;-moz-background-size:cover;-o-background-size:cover;background-size:cover;background-color:#e9edef;padding: 30px 30px 30px 30px;\"><div class=\"fusion-builder-row fusion-builder-row-inner fusion-row\"><div class=\"fusion-layout-column fusion_builder_column_inner fusion-builder-nested-column-0 fusion_builder_column_inner_1_4 1_4 fusion-one-fourth fusion-column-first\" style=\"width:25%;width:calc(25% - ( ( 4% ) * 0.25 ) );margin-right: 4%;margin-top:0px;margin-bottom:0px;\"><div class=\"fusion-column-wrapper fusion-flex-column-wrapper-legacy\" style=\"background-position:left top;background-repeat:no-repeat;-webkit-background-size:cover;-moz-background-size:cover;-o-background-size:cover;background-size:cover;padding: 0px 0px 0px 0px;\"><span class=\" fusion-imageframe imageframe-none imageframe-1 hover-type-none\" style=\"margin-right:25px;float:left;max-width:80px;\"><img decoding=\"async\" width=\"870\" height=\"870\" title=\"solutions-30-new-technologies-solutions_Energy\" src=\"https:\/\/unit-t.eu\/wp-content\/uploads\/2019\/01\/solutions-30-new-technologies-solutions_Energy.png\" data-orig-src=\"https:\/\/unit-t.eu\/wp-content\/uploads\/2019\/01\/solutions-30-new-technologies-solutions_Energy.png\" class=\"lazyload img-responsive wp-image-2063\" srcset=\"data:image\/svg+xml,%3Csvg%20xmlns%3D%27http%3A%2F%2Fwww.w3.org%2F2000%2Fsvg%27%20width%3D%27870%27%20height%3D%27870%27%20viewBox%3D%270%200%20870%20870%27%3E%3Crect%20width%3D%27870%27%20height%3D%27870%27%20fill-opacity%3D%220%22%2F%3E%3C%2Fsvg%3E\" data-srcset=\"https:\/\/unit-t.eu\/wp-content\/uploads\/2019\/01\/solutions-30-new-technologies-solutions_Energy-200x200.png 200w, https:\/\/unit-t.eu\/wp-content\/uploads\/2019\/01\/solutions-30-new-technologies-solutions_Energy-400x400.png 400w, https:\/\/unit-t.eu\/wp-content\/uploads\/2019\/01\/solutions-30-new-technologies-solutions_Energy-600x600.png 600w, https:\/\/unit-t.eu\/wp-content\/uploads\/2019\/01\/solutions-30-new-technologies-solutions_Energy-800x800.png 800w, https:\/\/unit-t.eu\/wp-content\/uploads\/2019\/01\/solutions-30-new-technologies-solutions_Energy.png 870w\" data-sizes=\"auto\" data-orig-sizes=\"(max-width: 960px) 100vw, 400px\" \/><\/span><div class=\"fusion-clearfix\"><\/div><\/div><\/div><div class=\"fusion-layout-column fusion_builder_column_inner fusion-builder-nested-column-1 fusion_builder_column_inner_3_4 3_4 fusion-three-fourth fusion-column-last\" style=\"width:75%;width:calc(75% - ( ( 4% ) * 0.75 ) );margin-top:0px;margin-bottom:0px;\"><div class=\"fusion-column-wrapper fusion-flex-column-wrapper-legacy\" style=\"background-position:left top;background-repeat:no-repeat;-webkit-background-size:cover;-moz-background-size:cover;-o-background-size:cover;background-size:cover;padding: 0px 0px 0px 0px;\"><style type=\"text\/css\"><\/style><div class=\"fusion-title title fusion-title-2 fusion-title-text fusion-title-size-three\" style=\"margin-top:0px;margin-right:0px;margin-bottom:15px;margin-left:0px;\"><h3 class=\"title-heading-left fusion-responsive-typography-calculated\" style=\"margin:0;color:#77b127;--fontSize:24;line-height:1.3;\">De quoi pouvons-nous vous d\u00e9charger\u2009?<\/h3><span class=\"awb-title-spacer\"><\/span><div class=\"title-sep-container\"><div class=\"title-sep sep-\" style=\"border-color:#316c9e;\"><\/div><\/div><\/div><ul class=\"fusion-checklist fusion-checklist-1\" style=\"font-size:16px;line-height:27.2px;\"><li class=\"fusion-li-item\"><span style=\"height:27.2px;width:27.2px;margin-right:11.2px;\" class=\"icon-wrapper circle-no\"><i class=\"fusion-li-icon fa-check fas\" style=\"color:#77b127;\" aria-hidden=\"true\"><\/i><\/span><div class=\"fusion-li-item-content\" style=\"margin-left:38.4px;\">\n<p>Compteurs intelligents<\/p>\n<ul>\n<li>\u00c9lectricit\u00e9<\/li>\n<li>Gaz<\/li>\n<li>Eau<\/li>\n<\/ul>\n<\/div><\/li><li class=\"fusion-li-item\"><span style=\"height:27.2px;width:27.2px;margin-right:11.2px;\" class=\"icon-wrapper circle-no\"><i class=\"fusion-li-icon fa-check fas\" style=\"color:#77b127;\" aria-hidden=\"true\"><\/i><\/span><div class=\"fusion-li-item-content\" style=\"margin-left:38.4px;\">\n<p><span style=\"font-weight: 400;\">Thermostats<\/span><\/p>\n<ul>\n<li>Nest<\/li>\n<li>Anna<\/li>\n<li>Netatmo<\/li>\n<li>Secure<\/li>\n<li>&#8230;<\/li>\n<\/ul>\n<\/div><\/li><li class=\"fusion-li-item\"><span style=\"height:27.2px;width:27.2px;margin-right:11.2px;\" class=\"icon-wrapper circle-no\"><i class=\"fusion-li-icon fa-check fas\" style=\"color:#77b127;\" aria-hidden=\"true\"><\/i><\/span><div class=\"fusion-li-item-content\" style=\"margin-left:38.4px;\">\n<p>Bornes et stations de recharge<\/p>\n<ul>\n<li>EV box<\/li>\n<li>Tesla<\/li>\n<li>Blue Corner<\/li>\n<li>&#8230;<\/li>\n<\/ul>\n<\/div><\/li><li class=\"fusion-li-item\"><span style=\"height:27.2px;width:27.2px;margin-right:11.2px;\" class=\"icon-wrapper circle-no\"><i class=\"fusion-li-icon fa-check fas\" style=\"color:#77b127;\" aria-hidden=\"true\"><\/i><\/span><div class=\"fusion-li-item-content\" style=\"margin-left:38.4px;\">\n<p>Services intelligents<\/p>\n<ul>\n<li>R\u00e9paration et maintentance<\/li>\n<li>Audits \u00e9nerg\u00e9tiques<\/li>\n<li>Certifications PEB<\/li>\n<li>Contr\u00f4le de la maisong<\/li>\n<li>Notification de fum\u00e9e<\/li>\n<li>Domotique<\/li>\n<\/ul>\n<\/div><\/li><li class=\"fusion-li-item\"><span style=\"height:27.2px;width:27.2px;margin-right:11.2px;\" class=\"icon-wrapper circle-no\"><i class=\"fusion-li-icon fa-check fas\" style=\"color:#77b127;\" aria-hidden=\"true\"><\/i><\/span><div class=\"fusion-li-item-content\" style=\"margin-left:38.4px;\">\n<p>Soutien logistique<\/p>\n<\/div><\/li><\/ul><div class=\"fusion-clearfix\"><\/div><\/div><\/div><\/div><div class=\"fusion-clearfix\"><\/div><\/div><\/div><div class=\"fusion-layout-column fusion_builder_column fusion-builder-column-2 fusion_builder_column_1_2 1_2 fusion-one-half fusion-column-last\" style=\"width:50%;width:calc(50% - ( ( 3% ) * 0.5 ) );margin-top:0px;margin-bottom:0px;\"><div class=\"fusion-column-wrapper fusion-flex-column-wrapper-legacy\" style=\"background-position:left top;background-repeat:no-repeat;-webkit-background-size:cover;-moz-background-size:cover;-o-background-size:cover;background-size:cover;padding: 0px 0px 0px 0px;\"><span class=\" fusion-imageframe imageframe-none imageframe-2 hover-type-none\"><img decoding=\"async\" width=\"990\" height=\"660\" title=\"Solutions pour l&rsquo;\u00e9nergie\" src=\"https:\/\/unit-t.eu\/wp-content\/uploads\/2020\/12\/Energy-solutions.jpg\" data-orig-src=\"https:\/\/unit-t.eu\/wp-content\/uploads\/2020\/12\/Energy-solutions.jpg\" class=\"lazyload img-responsive wp-image-8973\" srcset=\"data:image\/svg+xml,%3Csvg%20xmlns%3D%27http%3A%2F%2Fwww.w3.org%2F2000%2Fsvg%27%20width%3D%27990%27%20height%3D%27660%27%20viewBox%3D%270%200%20990%20660%27%3E%3Crect%20width%3D%27990%27%20height%3D%27660%27%20fill-opacity%3D%220%22%2F%3E%3C%2Fsvg%3E\" data-srcset=\"https:\/\/unit-t.eu\/wp-content\/uploads\/2020\/12\/Energy-solutions-200x133.jpg 200w, https:\/\/unit-t.eu\/wp-content\/uploads\/2020\/12\/Energy-solutions-400x267.jpg 400w, https:\/\/unit-t.eu\/wp-content\/uploads\/2020\/12\/Energy-solutions-600x400.jpg 600w, https:\/\/unit-t.eu\/wp-content\/uploads\/2020\/12\/Energy-solutions-800x533.jpg 800w, https:\/\/unit-t.eu\/wp-content\/uploads\/2020\/12\/Energy-solutions.jpg 990w\" data-sizes=\"auto\" data-orig-sizes=\"(max-width: 960px) 100vw, 800px\" \/><\/span><div class=\"fusion-sep-clear\"><\/div><div class=\"fusion-separator fusion-full-width-sep\" style=\"margin-left: auto;margin-right: auto;margin-top:20px;width:100%;\"><\/div><div class=\"fusion-sep-clear\"><\/div><div class=\"fusion-text fusion-text-2\"><h2><span style=\"color: #77b127;\">Dans quels pays pouvez-vous compter sur nous?<\/span><\/h2>\n<\/div><div class=\"fusion-sep-clear\"><\/div><div class=\"fusion-separator fusion-clearfix\" style=\"float:left;margin-top:5px;margin-bottom:20px;width:100%;max-width:140px;\"><div class=\"fusion-separator-border sep-single sep-solid\" style=\"border-color:#b2b8bc;border-top-width:5px;\"><\/div><\/div><div class=\"fusion-sep-clear\"><\/div><span class=\" fusion-imageframe imageframe-none imageframe-3 hover-type-none\" style=\"border:1px solid #e9edef;margin-right:25px;float:left;\"><img decoding=\"async\" width=\"2067\" height=\"2008\" title=\"ENERGIE 2\" src=\"https:\/\/unit-t.eu\/wp-content\/uploads\/2021\/02\/ENERGIE-2.png\" data-orig-src=\"https:\/\/unit-t.eu\/wp-content\/uploads\/2021\/02\/ENERGIE-2.png\" class=\"lazyload img-responsive wp-image-9514\" srcset=\"data:image\/svg+xml,%3Csvg%20xmlns%3D%27http%3A%2F%2Fwww.w3.org%2F2000%2Fsvg%27%20width%3D%272067%27%20height%3D%272008%27%20viewBox%3D%270%200%202067%202008%27%3E%3Crect%20width%3D%272067%27%20height%3D%272008%27%20fill-opacity%3D%220%22%2F%3E%3C%2Fsvg%3E\" data-srcset=\"https:\/\/unit-t.eu\/wp-content\/uploads\/2021\/02\/ENERGIE-2-200x194.png 200w, https:\/\/unit-t.eu\/wp-content\/uploads\/2021\/02\/ENERGIE-2-400x389.png 400w, https:\/\/unit-t.eu\/wp-content\/uploads\/2021\/02\/ENERGIE-2-600x583.png 600w, https:\/\/unit-t.eu\/wp-content\/uploads\/2021\/02\/ENERGIE-2-800x777.png 800w, https:\/\/unit-t.eu\/wp-content\/uploads\/2021\/02\/ENERGIE-2-1200x1166.png 1200w, https:\/\/unit-t.eu\/wp-content\/uploads\/2021\/02\/ENERGIE-2.png 2067w\" data-sizes=\"auto\" data-orig-sizes=\"(max-width: 960px) 100vw, 800px\" \/><\/span><div class=\"fusion-clearfix\"><\/div><\/div><\/div><\/div><\/div><\/p>\n","protected":false},"excerpt":{"rendered":"","protected":false},"author":32,"featured_media":0,"parent":10028,"menu_order":0,"comment_status":"closed","ping_status":"closed","template":"","meta":{"footnotes":""},"class_list":["post-9986","page","type-page","status-publish","hentry"],"yoast_head":"<!-- This site is optimized with the Yoast SEO plugin v27.4 - https:\/\/yoast.com\/product\/yoast-seo-wordpress\/ -->\n<title>Solutions pour l&#039;\u00e9nergie - Unit-T<\/title>\n<meta name=\"description\" content=\"We are here to help millions of people lower their monthly energy bills as well as reducing their environmental footprint. We strive to be the preferred partner of European energy companies and help make a better, cleaner world.\" \/>\n<meta name=\"robots\" content=\"index, follow, max-snippet:-1, max-image-preview:large, max-video-preview:-1\" \/>\n<link rel=\"canonical\" href=\"https:\/\/unit-t.eu\/fr\/onze-business-units\/energy-solutions\/\" \/>\n<meta property=\"og:locale\" content=\"fr_FR\" \/>\n<meta property=\"og:type\" content=\"article\" \/>\n<meta property=\"og:title\" content=\"Solutions pour l&#039;\u00e9nergie - Unit-T\" \/>\n<meta property=\"og:description\" content=\"We are here to help millions of people lower their monthly energy bills as well as reducing their environmental footprint. We strive to be the preferred partner of European energy companies and help make a better, cleaner world.\" \/>\n<meta property=\"og:url\" content=\"https:\/\/unit-t.eu\/fr\/onze-business-units\/energy-solutions\/\" \/>\n<meta property=\"og:site_name\" content=\"Unit-T\" \/>\n<meta property=\"article:publisher\" content=\"https:\/\/www.facebook.com\/UnitTmechelen\" \/>\n<meta property=\"article:modified_time\" content=\"2021-05-18T15:12:52+00:00\" \/>\n<meta property=\"og:image\" content=\"https:\/\/unit-t.eu\/wp-content\/uploads\/2020\/11\/Unit-T-Logo-Transparant-2.png\" \/>\n\t<meta property=\"og:image:width\" content=\"1920\" \/>\n\t<meta property=\"og:image:height\" content=\"770\" \/>\n\t<meta property=\"og:image:type\" content=\"image\/png\" \/>\n<meta name=\"twitter:card\" content=\"summary_large_image\" \/>\n<meta name=\"twitter:site\" content=\"@UnitTmechelen\" \/>\n<meta name=\"twitter:label1\" content=\"Dur\u00e9e de lecture estim\u00e9e\" \/>\n\t<meta name=\"twitter:data1\" content=\"4 minutes\" \/>\n<script type=\"application\/ld+json\" class=\"yoast-schema-graph\">{\"@context\":\"https:\\\/\\\/schema.org\",\"@graph\":[{\"@type\":\"WebPage\",\"@id\":\"https:\\\/\\\/unit-t.eu\\\/fr\\\/onze-business-units\\\/energy-solutions\\\/\",\"url\":\"https:\\\/\\\/unit-t.eu\\\/fr\\\/onze-business-units\\\/energy-solutions\\\/\",\"name\":\"Solutions pour l'\u00e9nergie - Unit-T\",\"isPartOf\":{\"@id\":\"https:\\\/\\\/unit-t.eu\\\/fr\\\/#website\"},\"datePublished\":\"2021-02-23T05:46:56+00:00\",\"dateModified\":\"2021-05-18T15:12:52+00:00\",\"description\":\"We are here to help millions of people lower their monthly energy bills as well as reducing their environmental footprint. We strive to be the preferred partner of European energy companies and help make a better, cleaner world.\",\"breadcrumb\":{\"@id\":\"https:\\\/\\\/unit-t.eu\\\/fr\\\/onze-business-units\\\/energy-solutions\\\/#breadcrumb\"},\"inLanguage\":\"fr-FR\",\"potentialAction\":[{\"@type\":\"ReadAction\",\"target\":[\"https:\\\/\\\/unit-t.eu\\\/fr\\\/onze-business-units\\\/energy-solutions\\\/\"]}]},{\"@type\":\"BreadcrumbList\",\"@id\":\"https:\\\/\\\/unit-t.eu\\\/fr\\\/onze-business-units\\\/energy-solutions\\\/#breadcrumb\",\"itemListElement\":[{\"@type\":\"ListItem\",\"position\":1,\"name\":\"Startseite\",\"item\":\"https:\\\/\\\/unit-t.eu\\\/fr\\\/\"},{\"@type\":\"ListItem\",\"position\":2,\"name\":\"Nos Business Units\",\"item\":\"https:\\\/\\\/unit-t.eu\\\/fr\\\/onze-business-units\\\/\"},{\"@type\":\"ListItem\",\"position\":3,\"name\":\"Solutions pour l&#8217;\u00e9nergie\"}]},{\"@type\":\"WebSite\",\"@id\":\"https:\\\/\\\/unit-t.eu\\\/fr\\\/#website\",\"url\":\"https:\\\/\\\/unit-t.eu\\\/fr\\\/\",\"name\":\"Unit-T\",\"description\":\"Connecting your future\",\"potentialAction\":[{\"@type\":\"SearchAction\",\"target\":{\"@type\":\"EntryPoint\",\"urlTemplate\":\"https:\\\/\\\/unit-t.eu\\\/fr\\\/?s={search_term_string}\"},\"query-input\":{\"@type\":\"PropertyValueSpecification\",\"valueRequired\":true,\"valueName\":\"search_term_string\"}}],\"inLanguage\":\"fr-FR\"}]}<\/script>\n<!-- \/ Yoast SEO plugin. -->","yoast_head_json":{"title":"Solutions pour l'\u00e9nergie - Unit-T","description":"We are here to help millions of people lower their monthly energy bills as well as reducing their environmental footprint. We strive to be the preferred partner of European energy companies and help make a better, cleaner world.","robots":{"index":"index","follow":"follow","max-snippet":"max-snippet:-1","max-image-preview":"max-image-preview:large","max-video-preview":"max-video-preview:-1"},"canonical":"https:\/\/unit-t.eu\/fr\/onze-business-units\/energy-solutions\/","og_locale":"fr_FR","og_type":"article","og_title":"Solutions pour l'\u00e9nergie - Unit-T","og_description":"We are here to help millions of people lower their monthly energy bills as well as reducing their environmental footprint. We strive to be the preferred partner of European energy companies and help make a better, cleaner world.","og_url":"https:\/\/unit-t.eu\/fr\/onze-business-units\/energy-solutions\/","og_site_name":"Unit-T","article_publisher":"https:\/\/www.facebook.com\/UnitTmechelen","article_modified_time":"2021-05-18T15:12:52+00:00","og_image":[{"width":1920,"height":770,"url":"https:\/\/unit-t.eu\/wp-content\/uploads\/2020\/11\/Unit-T-Logo-Transparant-2.png","type":"image\/png"}],"twitter_card":"summary_large_image","twitter_site":"@UnitTmechelen","twitter_misc":{"Dur\u00e9e de lecture estim\u00e9e":"4 minutes"},"schema":{"@context":"https:\/\/schema.org","@graph":[{"@type":"WebPage","@id":"https:\/\/unit-t.eu\/fr\/onze-business-units\/energy-solutions\/","url":"https:\/\/unit-t.eu\/fr\/onze-business-units\/energy-solutions\/","name":"Solutions pour l'\u00e9nergie - Unit-T","isPartOf":{"@id":"https:\/\/unit-t.eu\/fr\/#website"},"datePublished":"2021-02-23T05:46:56+00:00","dateModified":"2021-05-18T15:12:52+00:00","description":"We are here to help millions of people lower their monthly energy bills as well as reducing their environmental footprint. We strive to be the preferred partner of European energy companies and help make a better, cleaner world.","breadcrumb":{"@id":"https:\/\/unit-t.eu\/fr\/onze-business-units\/energy-solutions\/#breadcrumb"},"inLanguage":"fr-FR","potentialAction":[{"@type":"ReadAction","target":["https:\/\/unit-t.eu\/fr\/onze-business-units\/energy-solutions\/"]}]},{"@type":"BreadcrumbList","@id":"https:\/\/unit-t.eu\/fr\/onze-business-units\/energy-solutions\/#breadcrumb","itemListElement":[{"@type":"ListItem","position":1,"name":"Startseite","item":"https:\/\/unit-t.eu\/fr\/"},{"@type":"ListItem","position":2,"name":"Nos Business Units","item":"https:\/\/unit-t.eu\/fr\/onze-business-units\/"},{"@type":"ListItem","position":3,"name":"Solutions pour l&#8217;\u00e9nergie"}]},{"@type":"WebSite","@id":"https:\/\/unit-t.eu\/fr\/#website","url":"https:\/\/unit-t.eu\/fr\/","name":"Unit-T","description":"Connecting your future","potentialAction":[{"@type":"SearchAction","target":{"@type":"EntryPoint","urlTemplate":"https:\/\/unit-t.eu\/fr\/?s={search_term_string}"},"query-input":{"@type":"PropertyValueSpecification","valueRequired":true,"valueName":"search_term_string"}}],"inLanguage":"fr-FR"}]}},"jetpack_sharing_enabled":true,"_links":{"self":[{"href":"https:\/\/unit-t.eu\/fr\/wp-json\/wp\/v2\/pages\/9986","targetHints":{"allow":["GET"]}}],"collection":[{"href":"https:\/\/unit-t.eu\/fr\/wp-json\/wp\/v2\/pages"}],"about":[{"href":"https:\/\/unit-t.eu\/fr\/wp-json\/wp\/v2\/types\/page"}],"author":[{"embeddable":true,"href":"https:\/\/unit-t.eu\/fr\/wp-json\/wp\/v2\/users\/32"}],"replies":[{"embeddable":true,"href":"https:\/\/unit-t.eu\/fr\/wp-json\/wp\/v2\/comments?post=9986"}],"version-history":[{"count":3,"href":"https:\/\/unit-t.eu\/fr\/wp-json\/wp\/v2\/pages\/9986\/revisions"}],"predecessor-version":[{"id":10822,"href":"https:\/\/unit-t.eu\/fr\/wp-json\/wp\/v2\/pages\/9986\/revisions\/10822"}],"up":[{"embeddable":true,"href":"https:\/\/unit-t.eu\/fr\/wp-json\/wp\/v2\/pages\/10028"}],"wp:attachment":[{"href":"https:\/\/unit-t.eu\/fr\/wp-json\/wp\/v2\/media?parent=9986"}],"curies":[{"name":"wp","href":"https:\/\/api.w.org\/{rel}","templated":true}]}}