{"id":9992,"date":"2021-02-23T06:47:10","date_gmt":"2021-02-23T05:47:10","guid":{"rendered":"https:\/\/unit-t.eu\/security-solutions\/"},"modified":"2021-05-18T17:46:47","modified_gmt":"2021-05-18T15:46:47","slug":"security-solutions","status":"publish","type":"page","link":"https:\/\/unit-t.eu\/fr\/onze-business-units\/security-solutions\/","title":{"rendered":"Security Solutions"},"content":{"rendered":"<p><div class=\"fusion-fullwidth fullwidth-box fusion-builder-row-1 nonhundred-percent-fullwidth non-hundred-percent-height-scrolling fusion-equal-height-columns\" style=\"background-color: rgba(255,255,255,0);background-position: center center;background-repeat: no-repeat;padding-top:0px;padding-right:0px;padding-bottom:0px;padding-left:0px;margin-bottom: 0px;margin-top: 0px;border-width: 0px 0px 0px 0px;border-color:#edeef2;border-style:solid;\" ><div class=\"fusion-builder-row fusion-row\"><div class=\"fusion-layout-column fusion_builder_column fusion-builder-column-0 fusion_builder_column_1_1 1_1 fusion-one-full fusion-column-first fusion-column-last\" style=\"margin-top:0px;margin-bottom:0px;\"><div class=\"fusion-column-wrapper fusion-flex-column-wrapper-legacy\" style=\"background-position:left top;background-repeat:no-repeat;-webkit-background-size:cover;-moz-background-size:cover;-o-background-size:cover;background-size:cover;padding: 0px 0px 0px 0px;\"><div class=\"fusion-column-content-centered\"><div class=\"fusion-column-content\"><style type=\"text\/css\"><\/style><div class=\"fusion-title title fusion-title-1 fusion-title-text fusion-title-size-two\" style=\"margin-top:0px;margin-right:0px;margin-bottom:15px;margin-left:0px;\"><h2 class=\"title-heading-left fusion-responsive-typography-calculated\" style=\"margin:0;color:#f44336;--fontSize:28;line-height:1.2;\"><span style=\"color: #e94d04;\">Unit-T prog\u00e8ge ce qui vous tient le plus \u00e0 coeur.\u00a0<\/span><\/h2><span class=\"awb-title-spacer\"><\/span><div class=\"title-sep-container\"><div class=\"title-sep sep-\" style=\"border-color:#edeef2;\"><\/div><\/div><\/div><div class=\"fusion-text fusion-text-1\"><p>Choisir Unit-T pour votre s\u00e9curit\u00e9, c\u2019est mettre toutes les chances de votre c\u00f4t\u00e9. Nous comptons plus de 100 techniciens ayant la formation et la certification requises par la loi (loi Tobback) et parfaitement aguerris dans le domaine (exemple\u00a0: cam\u00e9ra de s\u00e9curit\u00e9, serrures intelligentes, d\u00e9tecteur de fum\u00e9e et enregistrement du temps). De plus, vous pouvez compter sur notre \u00e9quipe de support et de dispatching, pr\u00eate 24 heures sur 24 et 7 jours sur 7 \u00e0 prendre vos clients finaux en charge, en n\u00e9erlandais, en fran\u00e7ais ou en anglais.<\/p>\n<p>Unit-T\u00a0: le premier \u00ab\u2009one-stop-shop\u2009\u00bb pour la s\u00e9curit\u00e9 dans le Benelux\u2009!<\/p>\n<p>Unit-T peut fournir un soutien aux projets d\u2019installation ainsi qu\u2019effectuer la maintenance aff\u00e9rente. Nos techniciens ne se contentent pas d\u2019installer les \u00e9quipements, mais s\u2019impliquent souvent du c\u00e2blage au montage et \u00e0 la mise en service.<\/p>\n<p>(Num\u00e9ro d\u2019agr\u00e9ment d\u00e9livr\u00e9 par le minist\u00e8re de l\u2019Int\u00e9rieur\u00a0: 20 1657 02)<\/p>\n<\/div><\/div><\/div><div class=\"fusion-clearfix\"><\/div><\/div><\/div><\/div><\/div><div class=\"fusion-fullwidth fullwidth-box fusion-builder-row-2 nonhundred-percent-fullwidth non-hundred-percent-height-scrolling fusion-equal-height-columns\" style=\"background-color: rgba(255,255,255,0);background-position: center center;background-repeat: no-repeat;padding-top:0px;padding-right:0px;padding-bottom:0px;padding-left:0px;margin-bottom: 30px;margin-top: 30px;border-width: 0px 0px 0px 0px;border-color:#edeef2;border-style:solid;\" ><div class=\"fusion-builder-row fusion-row\"><div class=\"fusion-layout-column fusion_builder_column fusion-builder-column-1 fusion_builder_column_1_2 1_2 fusion-one-half fusion-column-first\" style=\"width:50%;width:calc(50% - ( ( 3% ) * 0.5 ) );margin-right: 3%;margin-top:0px;margin-bottom:0px;\"><div class=\"fusion-column-wrapper fusion-flex-column-wrapper-legacy\" style=\"background-position:left top;background-repeat:no-repeat;-webkit-background-size:cover;-moz-background-size:cover;-o-background-size:cover;background-size:cover;background-color:#e9edef;padding: 30px 30px 30px 30px;\"><div class=\"fusion-builder-row fusion-builder-row-inner fusion-row\"><div class=\"fusion-layout-column fusion_builder_column_inner fusion-builder-nested-column-0 fusion_builder_column_inner_1_4 1_4 fusion-one-fourth fusion-column-first\" style=\"width:25%;width:calc(25% - ( ( 4% ) * 0.25 ) );margin-right: 4%;margin-top:0px;margin-bottom:0px;\"><div class=\"fusion-column-wrapper fusion-flex-column-wrapper-legacy\" style=\"background-position:left top;background-repeat:no-repeat;-webkit-background-size:cover;-moz-background-size:cover;-o-background-size:cover;background-size:cover;padding: 0px 0px 0px 0px;\"><span class=\" fusion-imageframe imageframe-none imageframe-1 hover-type-none\" style=\"margin-right:25px;float:left;max-width:80px;\"><img decoding=\"async\" width=\"870\" height=\"870\" title=\"solutions-30-new-technologies-solutions_Security\" src=\"https:\/\/unit-t.eu\/wp-content\/uploads\/2019\/01\/solutions-30-new-technologies-solutions_Security.png\" data-orig-src=\"https:\/\/unit-t.eu\/wp-content\/uploads\/2019\/01\/solutions-30-new-technologies-solutions_Security.png\" class=\"lazyload img-responsive wp-image-2070\" srcset=\"data:image\/svg+xml,%3Csvg%20xmlns%3D%27http%3A%2F%2Fwww.w3.org%2F2000%2Fsvg%27%20width%3D%27870%27%20height%3D%27870%27%20viewBox%3D%270%200%20870%20870%27%3E%3Crect%20width%3D%27870%27%20height%3D%27870%27%20fill-opacity%3D%220%22%2F%3E%3C%2Fsvg%3E\" data-srcset=\"https:\/\/unit-t.eu\/wp-content\/uploads\/2019\/01\/solutions-30-new-technologies-solutions_Security-200x200.png 200w, https:\/\/unit-t.eu\/wp-content\/uploads\/2019\/01\/solutions-30-new-technologies-solutions_Security-400x400.png 400w, https:\/\/unit-t.eu\/wp-content\/uploads\/2019\/01\/solutions-30-new-technologies-solutions_Security-600x600.png 600w, https:\/\/unit-t.eu\/wp-content\/uploads\/2019\/01\/solutions-30-new-technologies-solutions_Security-800x800.png 800w, https:\/\/unit-t.eu\/wp-content\/uploads\/2019\/01\/solutions-30-new-technologies-solutions_Security.png 870w\" data-sizes=\"auto\" data-orig-sizes=\"(max-width: 960px) 100vw, 400px\" \/><\/span><div class=\"fusion-clearfix\"><\/div><\/div><\/div><div class=\"fusion-layout-column fusion_builder_column_inner fusion-builder-nested-column-1 fusion_builder_column_inner_3_4 3_4 fusion-three-fourth fusion-column-last\" style=\"width:75%;width:calc(75% - ( ( 4% ) * 0.75 ) );margin-top:0px;margin-bottom:0px;\"><div class=\"fusion-column-wrapper fusion-flex-column-wrapper-legacy\" style=\"background-position:left top;background-repeat:no-repeat;-webkit-background-size:cover;-moz-background-size:cover;-o-background-size:cover;background-size:cover;padding: 0px 0px 0px 0px;\"><style type=\"text\/css\"><\/style><div class=\"fusion-title title fusion-title-2 fusion-title-text fusion-title-size-three\" style=\"margin-top:0px;margin-right:0px;margin-bottom:15px;margin-left:0px;\"><h3 class=\"title-heading-left fusion-responsive-typography-calculated\" style=\"margin:0;color:#e94d04;--fontSize:24;line-height:1.3;\">De quoi pouvons-nous vous d\u00e9charger\u2009?<\/h3><span class=\"awb-title-spacer\"><\/span><div class=\"title-sep-container\"><div class=\"title-sep sep-\" style=\"border-color:#316c9e;\"><\/div><\/div><\/div><ul class=\"fusion-checklist fusion-checklist-1\" style=\"font-size:16px;line-height:27.2px;\"><li class=\"fusion-li-item\"><span style=\"height:27.2px;width:27.2px;margin-right:11.2px;\" class=\"icon-wrapper circle-no\"><i class=\"fusion-li-icon fa-check fas\" style=\"color:#e94d04;\" aria-hidden=\"true\"><\/i><\/span><div class=\"fusion-li-item-content\" style=\"margin-left:38.4px;\">\n<p>Syst\u00e8mes d\u2019alarme (sans fil et c\u00e2bl\u00e9s)<\/p>\n<ul>\n<li>Installation, programmation, maintentance et r\u00e9paration de\n<ul>\n<li>Risco<\/li>\n<li>Honeywell<\/li>\n<li>Galaxy<\/li>\n<li>NetworX<\/li>\n<li>Jablotron<\/li>\n<li>Satel<\/li>\n<li>Climax<\/li>\n<li>Vanderbilt<\/li>\n<li>Ksenia<\/li>\n<li>ATS<\/li>\n<\/ul>\n<\/li>\n<\/ul>\n<\/div><\/li><li class=\"fusion-li-item\"><span style=\"height:27.2px;width:27.2px;margin-right:11.2px;\" class=\"icon-wrapper circle-no\"><i class=\"fusion-li-icon fa-check fas\" style=\"color:#e94d04;\" aria-hidden=\"true\"><\/i><\/span><div class=\"fusion-li-item-content\" style=\"margin-left:38.4px;\">\n<p>Surveillance par cam\u00e9ra (avec ou sans fil)<\/p>\n<ul>\n<li>Installation, programmation, maintentance et r\u00e9paration de\n<ul>\n<li>Hikvision<\/li>\n<li>Dahua<\/li>\n<li>Bosch<\/li>\n<li>Vivotek<\/li>\n<li>Axis<\/li>\n<li>&#8230;<\/li>\n<\/ul>\n<\/li>\n<\/ul>\n<\/div><\/li><li class=\"fusion-li-item\"><span style=\"height:27.2px;width:27.2px;margin-right:11.2px;\" class=\"icon-wrapper circle-no\"><i class=\"fusion-li-icon fa-check fas\" style=\"color:#e94d04;\" aria-hidden=\"true\"><\/i><\/span><div class=\"fusion-li-item-content\" style=\"margin-left:38.4px;\">\n<p>D\u00e9tection d\u2019incendie (conventionnelle et adress\u00e9e)<\/p>\n<ul>\n<li>Installation, programmation, maintentance et r\u00e9paration de\n<ul>\n<li>Aritech<\/li>\n<li>Bosch<\/li>\n<li>Honeywell<\/li>\n<li>Siemens<\/li>\n<li>IE Electronics<\/li>\n<li>Detnov<\/li>\n<li>&#8230;<\/li>\n<\/ul>\n<\/li>\n<\/ul>\n<\/div><\/li><li class=\"fusion-li-item\"><span style=\"height:27.2px;width:27.2px;margin-right:11.2px;\" class=\"icon-wrapper circle-no\"><i class=\"fusion-li-icon fa-check fas\" style=\"color:#e94d04;\" aria-hidden=\"true\"><\/i><\/span><div class=\"fusion-li-item-content\" style=\"margin-left:38.4px;\">\n<p>Contr\u00f4le d\u2019acc\u00e8s<\/p>\n<ul>\n<li>Installation, programmation, maintentance et r\u00e9paration de serrures intelligents, de pointeuses et de syst\u00e8mes d&rsquo;enregistrement du temps\n<ul>\n<li>Salto<\/li>\n<li>Paxton<\/li>\n<li>CDVI<\/li>\n<li>ISEO<\/li>\n<li>EVVA<\/li>\n<li>&#8230;<\/li>\n<\/ul>\n<\/li>\n<\/ul>\n<\/div><\/li><li class=\"fusion-li-item\"><span style=\"height:27.2px;width:27.2px;margin-right:11.2px;\" class=\"icon-wrapper circle-no\"><i class=\"fusion-li-icon fa-check fas\" style=\"color:#e94d04;\" aria-hidden=\"true\"><\/i><\/span><div class=\"fusion-li-item-content\" style=\"margin-left:38.4px;\">\n<p>Soutien logistique<\/p>\n<\/div><\/li><\/ul><div class=\"fusion-clearfix\"><\/div><\/div><\/div><\/div><div class=\"fusion-clearfix\"><\/div><\/div><\/div><div class=\"fusion-layout-column fusion_builder_column fusion-builder-column-2 fusion_builder_column_1_2 1_2 fusion-one-half fusion-column-last\" style=\"width:50%;width:calc(50% - ( ( 3% ) * 0.5 ) );margin-top:0px;margin-bottom:0px;\"><div class=\"fusion-column-wrapper fusion-flex-column-wrapper-legacy\" style=\"background-position:left top;background-repeat:no-repeat;-webkit-background-size:cover;-moz-background-size:cover;-o-background-size:cover;background-size:cover;padding: 0px 0px 0px 0px;\"><span class=\" fusion-imageframe imageframe-none imageframe-2 hover-type-none\"><img decoding=\"async\" width=\"989\" height=\"660\" title=\"Security solutions\" src=\"https:\/\/unit-t.eu\/wp-content\/uploads\/2020\/12\/Security-solutions.jpg\" data-orig-src=\"https:\/\/unit-t.eu\/wp-content\/uploads\/2020\/12\/Security-solutions.jpg\" class=\"lazyload img-responsive wp-image-8965\" srcset=\"data:image\/svg+xml,%3Csvg%20xmlns%3D%27http%3A%2F%2Fwww.w3.org%2F2000%2Fsvg%27%20width%3D%27989%27%20height%3D%27660%27%20viewBox%3D%270%200%20989%20660%27%3E%3Crect%20width%3D%27989%27%20height%3D%27660%27%20fill-opacity%3D%220%22%2F%3E%3C%2Fsvg%3E\" data-srcset=\"https:\/\/unit-t.eu\/wp-content\/uploads\/2020\/12\/Security-solutions-200x133.jpg 200w, https:\/\/unit-t.eu\/wp-content\/uploads\/2020\/12\/Security-solutions-400x267.jpg 400w, https:\/\/unit-t.eu\/wp-content\/uploads\/2020\/12\/Security-solutions-600x400.jpg 600w, https:\/\/unit-t.eu\/wp-content\/uploads\/2020\/12\/Security-solutions-800x534.jpg 800w, https:\/\/unit-t.eu\/wp-content\/uploads\/2020\/12\/Security-solutions.jpg 989w\" data-sizes=\"auto\" data-orig-sizes=\"(max-width: 960px) 100vw, 800px\" \/><\/span><div class=\"fusion-sep-clear\"><\/div><div class=\"fusion-separator fusion-full-width-sep\" style=\"margin-left: auto;margin-right: auto;margin-top:50px;width:100%;\"><\/div><div class=\"fusion-sep-clear\"><\/div><div class=\"fusion-text fusion-text-2\"><h2><span style=\"color: #e94d04;\">Dans quels pays pouvez-vous compter sur nous?<\/span><\/h2>\n<\/div><div class=\"fusion-sep-clear\"><\/div><div class=\"fusion-separator fusion-clearfix\" style=\"float:left;margin-top:5px;margin-bottom:20px;width:100%;max-width:140px;\"><div class=\"fusion-separator-border sep-single sep-solid\" style=\"border-color:#b2b8bc;border-top-width:5px;\"><\/div><\/div><div class=\"fusion-sep-clear\"><\/div><span class=\" fusion-imageframe imageframe-none imageframe-3 hover-type-none\" style=\"border:1px solid #e9edef;margin-right:25px;float:left;\"><img decoding=\"async\" width=\"2004\" height=\"2000\" title=\"securite-03\" src=\"https:\/\/unit-t.eu\/wp-content\/uploads\/2021\/02\/securite-03.png\" data-orig-src=\"https:\/\/unit-t.eu\/wp-content\/uploads\/2021\/02\/securite-03.png\" class=\"lazyload img-responsive wp-image-9524\" srcset=\"data:image\/svg+xml,%3Csvg%20xmlns%3D%27http%3A%2F%2Fwww.w3.org%2F2000%2Fsvg%27%20width%3D%272004%27%20height%3D%272000%27%20viewBox%3D%270%200%202004%202000%27%3E%3Crect%20width%3D%272004%27%20height%3D%272000%27%20fill-opacity%3D%220%22%2F%3E%3C%2Fsvg%3E\" data-srcset=\"https:\/\/unit-t.eu\/wp-content\/uploads\/2021\/02\/securite-03-200x200.png 200w, https:\/\/unit-t.eu\/wp-content\/uploads\/2021\/02\/securite-03-400x399.png 400w, https:\/\/unit-t.eu\/wp-content\/uploads\/2021\/02\/securite-03-600x599.png 600w, https:\/\/unit-t.eu\/wp-content\/uploads\/2021\/02\/securite-03-800x798.png 800w, https:\/\/unit-t.eu\/wp-content\/uploads\/2021\/02\/securite-03-1200x1198.png 1200w, https:\/\/unit-t.eu\/wp-content\/uploads\/2021\/02\/securite-03.png 2004w\" data-sizes=\"auto\" data-orig-sizes=\"(max-width: 960px) 100vw, 800px\" \/><\/span><div class=\"fusion-clearfix\"><\/div><\/div><\/div><\/div><\/div><\/p>\n","protected":false},"excerpt":{"rendered":"","protected":false},"author":32,"featured_media":0,"parent":10028,"menu_order":0,"comment_status":"closed","ping_status":"closed","template":"","meta":{"footnotes":""},"class_list":["post-9992","page","type-page","status-publish","hentry"],"yoast_head":"<!-- This site is optimized with the Yoast SEO plugin v27.4 - https:\/\/yoast.com\/product\/yoast-seo-wordpress\/ -->\n<title>Security Solutions - Unit-T<\/title>\n<meta name=\"description\" content=\"Based on solid planning, our service engineers make sure security systems run smoothly. We take care of everything, from site audit and project preparation to construction site management, staging &amp; logistics, installation, and maintenance.\" \/>\n<meta name=\"robots\" content=\"index, follow, max-snippet:-1, max-image-preview:large, max-video-preview:-1\" \/>\n<link rel=\"canonical\" href=\"https:\/\/unit-t.eu\/fr\/onze-business-units\/security-solutions\/\" \/>\n<meta property=\"og:locale\" content=\"fr_FR\" \/>\n<meta property=\"og:type\" content=\"article\" \/>\n<meta property=\"og:title\" content=\"Security Solutions - Unit-T\" \/>\n<meta property=\"og:description\" content=\"Based on solid planning, our service engineers make sure security systems run smoothly. We take care of everything, from site audit and project preparation to construction site management, staging &amp; logistics, installation, and maintenance.\" \/>\n<meta property=\"og:url\" content=\"https:\/\/unit-t.eu\/fr\/onze-business-units\/security-solutions\/\" \/>\n<meta property=\"og:site_name\" content=\"Unit-T\" \/>\n<meta property=\"article:publisher\" content=\"https:\/\/www.facebook.com\/UnitTmechelen\" \/>\n<meta property=\"article:modified_time\" content=\"2021-05-18T15:46:47+00:00\" \/>\n<meta property=\"og:image\" content=\"https:\/\/unit-t.eu\/wp-content\/uploads\/2020\/11\/Unit-T-Logo-Transparant-2.png\" \/>\n\t<meta property=\"og:image:width\" content=\"1920\" \/>\n\t<meta property=\"og:image:height\" content=\"770\" \/>\n\t<meta property=\"og:image:type\" content=\"image\/png\" \/>\n<meta name=\"twitter:card\" content=\"summary_large_image\" \/>\n<meta name=\"twitter:site\" content=\"@UnitTmechelen\" \/>\n<meta name=\"twitter:label1\" content=\"Dur\u00e9e de lecture estim\u00e9e\" \/>\n\t<meta name=\"twitter:data1\" content=\"4 minutes\" \/>\n<script type=\"application\/ld+json\" class=\"yoast-schema-graph\">{\"@context\":\"https:\\\/\\\/schema.org\",\"@graph\":[{\"@type\":\"WebPage\",\"@id\":\"https:\\\/\\\/unit-t.eu\\\/fr\\\/onze-business-units\\\/security-solutions\\\/\",\"url\":\"https:\\\/\\\/unit-t.eu\\\/fr\\\/onze-business-units\\\/security-solutions\\\/\",\"name\":\"Security Solutions - Unit-T\",\"isPartOf\":{\"@id\":\"https:\\\/\\\/unit-t.eu\\\/fr\\\/#website\"},\"datePublished\":\"2021-02-23T05:47:10+00:00\",\"dateModified\":\"2021-05-18T15:46:47+00:00\",\"description\":\"Based on solid planning, our service engineers make sure security systems run smoothly. We take care of everything, from site audit and project preparation to construction site management, staging & logistics, installation, and maintenance.\",\"breadcrumb\":{\"@id\":\"https:\\\/\\\/unit-t.eu\\\/fr\\\/onze-business-units\\\/security-solutions\\\/#breadcrumb\"},\"inLanguage\":\"fr-FR\",\"potentialAction\":[{\"@type\":\"ReadAction\",\"target\":[\"https:\\\/\\\/unit-t.eu\\\/fr\\\/onze-business-units\\\/security-solutions\\\/\"]}]},{\"@type\":\"BreadcrumbList\",\"@id\":\"https:\\\/\\\/unit-t.eu\\\/fr\\\/onze-business-units\\\/security-solutions\\\/#breadcrumb\",\"itemListElement\":[{\"@type\":\"ListItem\",\"position\":1,\"name\":\"Startseite\",\"item\":\"https:\\\/\\\/unit-t.eu\\\/fr\\\/\"},{\"@type\":\"ListItem\",\"position\":2,\"name\":\"Nos Business Units\",\"item\":\"https:\\\/\\\/unit-t.eu\\\/fr\\\/onze-business-units\\\/\"},{\"@type\":\"ListItem\",\"position\":3,\"name\":\"Security Solutions\"}]},{\"@type\":\"WebSite\",\"@id\":\"https:\\\/\\\/unit-t.eu\\\/fr\\\/#website\",\"url\":\"https:\\\/\\\/unit-t.eu\\\/fr\\\/\",\"name\":\"Unit-T\",\"description\":\"Connecting your future\",\"potentialAction\":[{\"@type\":\"SearchAction\",\"target\":{\"@type\":\"EntryPoint\",\"urlTemplate\":\"https:\\\/\\\/unit-t.eu\\\/fr\\\/?s={search_term_string}\"},\"query-input\":{\"@type\":\"PropertyValueSpecification\",\"valueRequired\":true,\"valueName\":\"search_term_string\"}}],\"inLanguage\":\"fr-FR\"}]}<\/script>\n<!-- \/ Yoast SEO plugin. -->","yoast_head_json":{"title":"Security Solutions - Unit-T","description":"Based on solid planning, our service engineers make sure security systems run smoothly. We take care of everything, from site audit and project preparation to construction site management, staging & logistics, installation, and maintenance.","robots":{"index":"index","follow":"follow","max-snippet":"max-snippet:-1","max-image-preview":"max-image-preview:large","max-video-preview":"max-video-preview:-1"},"canonical":"https:\/\/unit-t.eu\/fr\/onze-business-units\/security-solutions\/","og_locale":"fr_FR","og_type":"article","og_title":"Security Solutions - Unit-T","og_description":"Based on solid planning, our service engineers make sure security systems run smoothly. We take care of everything, from site audit and project preparation to construction site management, staging & logistics, installation, and maintenance.","og_url":"https:\/\/unit-t.eu\/fr\/onze-business-units\/security-solutions\/","og_site_name":"Unit-T","article_publisher":"https:\/\/www.facebook.com\/UnitTmechelen","article_modified_time":"2021-05-18T15:46:47+00:00","og_image":[{"width":1920,"height":770,"url":"https:\/\/unit-t.eu\/wp-content\/uploads\/2020\/11\/Unit-T-Logo-Transparant-2.png","type":"image\/png"}],"twitter_card":"summary_large_image","twitter_site":"@UnitTmechelen","twitter_misc":{"Dur\u00e9e de lecture estim\u00e9e":"4 minutes"},"schema":{"@context":"https:\/\/schema.org","@graph":[{"@type":"WebPage","@id":"https:\/\/unit-t.eu\/fr\/onze-business-units\/security-solutions\/","url":"https:\/\/unit-t.eu\/fr\/onze-business-units\/security-solutions\/","name":"Security Solutions - Unit-T","isPartOf":{"@id":"https:\/\/unit-t.eu\/fr\/#website"},"datePublished":"2021-02-23T05:47:10+00:00","dateModified":"2021-05-18T15:46:47+00:00","description":"Based on solid planning, our service engineers make sure security systems run smoothly. We take care of everything, from site audit and project preparation to construction site management, staging & logistics, installation, and maintenance.","breadcrumb":{"@id":"https:\/\/unit-t.eu\/fr\/onze-business-units\/security-solutions\/#breadcrumb"},"inLanguage":"fr-FR","potentialAction":[{"@type":"ReadAction","target":["https:\/\/unit-t.eu\/fr\/onze-business-units\/security-solutions\/"]}]},{"@type":"BreadcrumbList","@id":"https:\/\/unit-t.eu\/fr\/onze-business-units\/security-solutions\/#breadcrumb","itemListElement":[{"@type":"ListItem","position":1,"name":"Startseite","item":"https:\/\/unit-t.eu\/fr\/"},{"@type":"ListItem","position":2,"name":"Nos Business Units","item":"https:\/\/unit-t.eu\/fr\/onze-business-units\/"},{"@type":"ListItem","position":3,"name":"Security Solutions"}]},{"@type":"WebSite","@id":"https:\/\/unit-t.eu\/fr\/#website","url":"https:\/\/unit-t.eu\/fr\/","name":"Unit-T","description":"Connecting your future","potentialAction":[{"@type":"SearchAction","target":{"@type":"EntryPoint","urlTemplate":"https:\/\/unit-t.eu\/fr\/?s={search_term_string}"},"query-input":{"@type":"PropertyValueSpecification","valueRequired":true,"valueName":"search_term_string"}}],"inLanguage":"fr-FR"}]}},"jetpack_sharing_enabled":true,"_links":{"self":[{"href":"https:\/\/unit-t.eu\/fr\/wp-json\/wp\/v2\/pages\/9992","targetHints":{"allow":["GET"]}}],"collection":[{"href":"https:\/\/unit-t.eu\/fr\/wp-json\/wp\/v2\/pages"}],"about":[{"href":"https:\/\/unit-t.eu\/fr\/wp-json\/wp\/v2\/types\/page"}],"author":[{"embeddable":true,"href":"https:\/\/unit-t.eu\/fr\/wp-json\/wp\/v2\/users\/32"}],"replies":[{"embeddable":true,"href":"https:\/\/unit-t.eu\/fr\/wp-json\/wp\/v2\/comments?post=9992"}],"version-history":[{"count":5,"href":"https:\/\/unit-t.eu\/fr\/wp-json\/wp\/v2\/pages\/9992\/revisions"}],"predecessor-version":[{"id":10834,"href":"https:\/\/unit-t.eu\/fr\/wp-json\/wp\/v2\/pages\/9992\/revisions\/10834"}],"up":[{"embeddable":true,"href":"https:\/\/unit-t.eu\/fr\/wp-json\/wp\/v2\/pages\/10028"}],"wp:attachment":[{"href":"https:\/\/unit-t.eu\/fr\/wp-json\/wp\/v2\/media?parent=9992"}],"curies":[{"name":"wp","href":"https:\/\/api.w.org\/{rel}","templated":true}]}}